{"id":87,"date":"2016-10-06T16:44:50","date_gmt":"2016-10-06T15:44:50","guid":{"rendered":"http:\/\/www.shclechelles.ch\/test-wordpress\/?page_id=87"},"modified":"2016-10-16T17:45:49","modified_gmt":"2016-10-16T16:45:49","slug":"presentation","status":"publish","type":"page","link":"https:\/\/www.shclechelles.ch\/v3\/index.php\/sample-page\/le-club\/virage-nord\/presentation\/","title":{"rendered":"Pr\u00e9sentation"},"content":{"rendered":"<div class=\"art-postcontent\">\n<div class=\"art-article\">\n<p>Le Virage nord est un club des \u00ab 100 \u00bb. Il a pour but de soutenir les int\u00e9r\u00eats financiers et sportifs du SHC L\u00e9chelles-Coyotes et ainsi de cr\u00e9er et de maintenir des liens de solidarit\u00e9 et de cordiale amiti\u00e9 entre ses membres.<\/p>\n<p><img loading=\"lazy\" decoding=\"async\" class=\"alignnone\" src=\"http:\/\/shclechelles.ch\/resources\/images\/virage_nord.png\" width=\"626\" height=\"240\" \/><\/p>\n<p>Si vous avez envie de devenir membre du Virage Nord, \u00e0 raison d\u2019une cotisation de 100 Frs pour une personne simple ou de 150 Frs pour un couple, veuillez contacter Pascal Jemmely ou prendre un bulletin de versement disponible \u00e0 la buvette.<\/p>\n<\/div>\n<\/div>\n","protected":false},"excerpt":{"rendered":"<p>Le Virage nord est un club des \u00ab 100 \u00bb. Il a pour but de soutenir les int\u00e9r\u00eats financiers et sportifs du SHC L\u00e9chelles-Coyotes et ainsi de cr\u00e9er et de maintenir des liens de solidarit\u00e9 et de cordiale amiti\u00e9 entre ses membres. Si vous avez envie de devenir membre du Virage Nord, \u00e0 raison d\u2019une &hellip; <\/p>\n<p class=\"link-more\"><a href=\"https:\/\/www.shclechelles.ch\/v3\/index.php\/sample-page\/le-club\/virage-nord\/presentation\/\" class=\"more-link\">Continuer la lecture<span class=\"screen-reader-text\"> de &laquo;&nbsp;Pr\u00e9sentation&nbsp;&raquo;<\/span><\/a><\/p>\n","protected":false},"author":2,"featured_media":0,"parent":84,"menu_order":0,"comment_status":"closed","ping_status":"closed","template":"","meta":{"jetpack_post_was_ever_published":false,"footnotes":""},"class_list":["post-87","page","type-page","status-publish","hentry"],"yoast_head":"<!-- This site is optimized with the Yoast SEO plugin v26.1.1 - https:\/\/yoast.com\/wordpress\/plugins\/seo\/ -->\n<title>Pr\u00e9sentation - SHC L\u00e9chelles Coyotes<\/title>\n<meta name=\"robots\" content=\"index, follow, max-snippet:-1, max-image-preview:large, max-video-preview:-1\" \/>\n<link rel=\"canonical\" href=\"https:\/\/www.shclechelles.ch\/v3\/index.php\/sample-page\/le-club\/virage-nord\/presentation\/\" \/>\n<meta property=\"og:locale\" content=\"fr_FR\" \/>\n<meta property=\"og:type\" content=\"article\" \/>\n<meta property=\"og:title\" content=\"Pr\u00e9sentation - SHC L\u00e9chelles Coyotes\" \/>\n<meta property=\"og:description\" content=\"Le Virage nord est un club des \u00ab 100 \u00bb. Il a pour but de soutenir les int\u00e9r\u00eats financiers et sportifs du SHC L\u00e9chelles-Coyotes et ainsi de cr\u00e9er et de maintenir des liens de solidarit\u00e9 et de cordiale amiti\u00e9 entre ses membres. Si vous avez envie de devenir membre du Virage Nord, \u00e0 raison d\u2019une &hellip; Continuer la lecture de &laquo;&nbsp;Pr\u00e9sentation&nbsp;&raquo;\" \/>\n<meta property=\"og:url\" content=\"https:\/\/www.shclechelles.ch\/v3\/index.php\/sample-page\/le-club\/virage-nord\/presentation\/\" \/>\n<meta property=\"og:site_name\" content=\"SHC L\u00e9chelles Coyotes\" \/>\n<meta property=\"article:modified_time\" content=\"2016-10-16T16:45:49+00:00\" \/>\n<meta property=\"og:image\" content=\"http:\/\/shclechelles.ch\/resources\/images\/virage_nord.png\" \/>\n<meta name=\"twitter:card\" content=\"summary_large_image\" \/>\n<script type=\"application\/ld+json\" class=\"yoast-schema-graph\">{\"@context\":\"https:\/\/schema.org\",\"@graph\":[{\"@type\":\"WebPage\",\"@id\":\"https:\/\/www.shclechelles.ch\/v3\/index.php\/sample-page\/le-club\/virage-nord\/presentation\/\",\"url\":\"https:\/\/www.shclechelles.ch\/v3\/index.php\/sample-page\/le-club\/virage-nord\/presentation\/\",\"name\":\"Pr\u00e9sentation - SHC L\u00e9chelles Coyotes\",\"isPartOf\":{\"@id\":\"http:\/\/www.shclechelles.ch\/v3\/#website\"},\"primaryImageOfPage\":{\"@id\":\"https:\/\/www.shclechelles.ch\/v3\/index.php\/sample-page\/le-club\/virage-nord\/presentation\/#primaryimage\"},\"image\":{\"@id\":\"https:\/\/www.shclechelles.ch\/v3\/index.php\/sample-page\/le-club\/virage-nord\/presentation\/#primaryimage\"},\"thumbnailUrl\":\"http:\/\/shclechelles.ch\/resources\/images\/virage_nord.png\",\"datePublished\":\"2016-10-06T15:44:50+00:00\",\"dateModified\":\"2016-10-16T16:45:49+00:00\",\"breadcrumb\":{\"@id\":\"https:\/\/www.shclechelles.ch\/v3\/index.php\/sample-page\/le-club\/virage-nord\/presentation\/#breadcrumb\"},\"inLanguage\":\"fr-FR\",\"potentialAction\":[{\"@type\":\"ReadAction\",\"target\":[\"https:\/\/www.shclechelles.ch\/v3\/index.php\/sample-page\/le-club\/virage-nord\/presentation\/\"]}]},{\"@type\":\"ImageObject\",\"inLanguage\":\"fr-FR\",\"@id\":\"https:\/\/www.shclechelles.ch\/v3\/index.php\/sample-page\/le-club\/virage-nord\/presentation\/#primaryimage\",\"url\":\"http:\/\/shclechelles.ch\/resources\/images\/virage_nord.png\",\"contentUrl\":\"http:\/\/shclechelles.ch\/resources\/images\/virage_nord.png\"},{\"@type\":\"BreadcrumbList\",\"@id\":\"https:\/\/www.shclechelles.ch\/v3\/index.php\/sample-page\/le-club\/virage-nord\/presentation\/#breadcrumb\",\"itemListElement\":[{\"@type\":\"ListItem\",\"position\":1,\"name\":\"Home\",\"item\":\"http:\/\/www.shclechelles.ch\/v3\/\"},{\"@type\":\"ListItem\",\"position\":2,\"name\":\"News\",\"item\":\"http:\/\/www.shclechelles.ch\/v3\/\"},{\"@type\":\"ListItem\",\"position\":3,\"name\":\"Le Club\",\"item\":\"http:\/\/www.shclechelles.ch\/v3\/index.php\/sample-page\/le-club\/\"},{\"@type\":\"ListItem\",\"position\":4,\"name\":\"Virage Nord\",\"item\":\"http:\/\/www.shclechelles.ch\/v3\/index.php\/sample-page\/le-club\/virage-nord\/\"},{\"@type\":\"ListItem\",\"position\":5,\"name\":\"Pr\u00e9sentation\"}]},{\"@type\":\"WebSite\",\"@id\":\"http:\/\/www.shclechelles.ch\/v3\/#website\",\"url\":\"http:\/\/www.shclechelles.ch\/v3\/\",\"name\":\"SHC L\u00e9chelles Coyotes\",\"description\":\"SHC L\u00e9chelles Coyotes Inline Skater Hockey\",\"potentialAction\":[{\"@type\":\"SearchAction\",\"target\":{\"@type\":\"EntryPoint\",\"urlTemplate\":\"http:\/\/www.shclechelles.ch\/v3\/?s={search_term_string}\"},\"query-input\":{\"@type\":\"PropertyValueSpecification\",\"valueRequired\":true,\"valueName\":\"search_term_string\"}}],\"inLanguage\":\"fr-FR\"}]}<\/script>\n<!-- \/ Yoast SEO plugin. -->","yoast_head_json":{"title":"Pr\u00e9sentation - SHC L\u00e9chelles Coyotes","robots":{"index":"index","follow":"follow","max-snippet":"max-snippet:-1","max-image-preview":"max-image-preview:large","max-video-preview":"max-video-preview:-1"},"canonical":"https:\/\/www.shclechelles.ch\/v3\/index.php\/sample-page\/le-club\/virage-nord\/presentation\/","og_locale":"fr_FR","og_type":"article","og_title":"Pr\u00e9sentation - SHC L\u00e9chelles Coyotes","og_description":"Le Virage nord est un club des \u00ab 100 \u00bb. Il a pour but de soutenir les int\u00e9r\u00eats financiers et sportifs du SHC L\u00e9chelles-Coyotes et ainsi de cr\u00e9er et de maintenir des liens de solidarit\u00e9 et de cordiale amiti\u00e9 entre ses membres. Si vous avez envie de devenir membre du Virage Nord, \u00e0 raison d\u2019une &hellip; Continuer la lecture de &laquo;&nbsp;Pr\u00e9sentation&nbsp;&raquo;","og_url":"https:\/\/www.shclechelles.ch\/v3\/index.php\/sample-page\/le-club\/virage-nord\/presentation\/","og_site_name":"SHC L\u00e9chelles Coyotes","article_modified_time":"2016-10-16T16:45:49+00:00","og_image":[{"url":"http:\/\/shclechelles.ch\/resources\/images\/virage_nord.png","type":"","width":"","height":""}],"twitter_card":"summary_large_image","schema":{"@context":"https:\/\/schema.org","@graph":[{"@type":"WebPage","@id":"https:\/\/www.shclechelles.ch\/v3\/index.php\/sample-page\/le-club\/virage-nord\/presentation\/","url":"https:\/\/www.shclechelles.ch\/v3\/index.php\/sample-page\/le-club\/virage-nord\/presentation\/","name":"Pr\u00e9sentation - SHC L\u00e9chelles Coyotes","isPartOf":{"@id":"http:\/\/www.shclechelles.ch\/v3\/#website"},"primaryImageOfPage":{"@id":"https:\/\/www.shclechelles.ch\/v3\/index.php\/sample-page\/le-club\/virage-nord\/presentation\/#primaryimage"},"image":{"@id":"https:\/\/www.shclechelles.ch\/v3\/index.php\/sample-page\/le-club\/virage-nord\/presentation\/#primaryimage"},"thumbnailUrl":"http:\/\/shclechelles.ch\/resources\/images\/virage_nord.png","datePublished":"2016-10-06T15:44:50+00:00","dateModified":"2016-10-16T16:45:49+00:00","breadcrumb":{"@id":"https:\/\/www.shclechelles.ch\/v3\/index.php\/sample-page\/le-club\/virage-nord\/presentation\/#breadcrumb"},"inLanguage":"fr-FR","potentialAction":[{"@type":"ReadAction","target":["https:\/\/www.shclechelles.ch\/v3\/index.php\/sample-page\/le-club\/virage-nord\/presentation\/"]}]},{"@type":"ImageObject","inLanguage":"fr-FR","@id":"https:\/\/www.shclechelles.ch\/v3\/index.php\/sample-page\/le-club\/virage-nord\/presentation\/#primaryimage","url":"http:\/\/shclechelles.ch\/resources\/images\/virage_nord.png","contentUrl":"http:\/\/shclechelles.ch\/resources\/images\/virage_nord.png"},{"@type":"BreadcrumbList","@id":"https:\/\/www.shclechelles.ch\/v3\/index.php\/sample-page\/le-club\/virage-nord\/presentation\/#breadcrumb","itemListElement":[{"@type":"ListItem","position":1,"name":"Home","item":"http:\/\/www.shclechelles.ch\/v3\/"},{"@type":"ListItem","position":2,"name":"News","item":"http:\/\/www.shclechelles.ch\/v3\/"},{"@type":"ListItem","position":3,"name":"Le Club","item":"http:\/\/www.shclechelles.ch\/v3\/index.php\/sample-page\/le-club\/"},{"@type":"ListItem","position":4,"name":"Virage Nord","item":"http:\/\/www.shclechelles.ch\/v3\/index.php\/sample-page\/le-club\/virage-nord\/"},{"@type":"ListItem","position":5,"name":"Pr\u00e9sentation"}]},{"@type":"WebSite","@id":"http:\/\/www.shclechelles.ch\/v3\/#website","url":"http:\/\/www.shclechelles.ch\/v3\/","name":"SHC L\u00e9chelles Coyotes","description":"SHC L\u00e9chelles Coyotes Inline Skater Hockey","potentialAction":[{"@type":"SearchAction","target":{"@type":"EntryPoint","urlTemplate":"http:\/\/www.shclechelles.ch\/v3\/?s={search_term_string}"},"query-input":{"@type":"PropertyValueSpecification","valueRequired":true,"valueName":"search_term_string"}}],"inLanguage":"fr-FR"}]}},"jetpack_sharing_enabled":true,"jetpack_shortlink":"https:\/\/wp.me\/P7Yxqr-1p","_links":{"self":[{"href":"https:\/\/www.shclechelles.ch\/v3\/index.php\/wp-json\/wp\/v2\/pages\/87","targetHints":{"allow":["GET"]}}],"collection":[{"href":"https:\/\/www.shclechelles.ch\/v3\/index.php\/wp-json\/wp\/v2\/pages"}],"about":[{"href":"https:\/\/www.shclechelles.ch\/v3\/index.php\/wp-json\/wp\/v2\/types\/page"}],"author":[{"embeddable":true,"href":"https:\/\/www.shclechelles.ch\/v3\/index.php\/wp-json\/wp\/v2\/users\/2"}],"replies":[{"embeddable":true,"href":"https:\/\/www.shclechelles.ch\/v3\/index.php\/wp-json\/wp\/v2\/comments?post=87"}],"version-history":[{"count":5,"href":"https:\/\/www.shclechelles.ch\/v3\/index.php\/wp-json\/wp\/v2\/pages\/87\/revisions"}],"predecessor-version":[{"id":200,"href":"https:\/\/www.shclechelles.ch\/v3\/index.php\/wp-json\/wp\/v2\/pages\/87\/revisions\/200"}],"up":[{"embeddable":true,"href":"https:\/\/www.shclechelles.ch\/v3\/index.php\/wp-json\/wp\/v2\/pages\/84"}],"wp:attachment":[{"href":"https:\/\/www.shclechelles.ch\/v3\/index.php\/wp-json\/wp\/v2\/media?parent=87"}],"curies":[{"name":"wp","href":"https:\/\/api.w.org\/{rel}","templated":true}]}}