{"id":75,"date":"2016-10-06T16:35:10","date_gmt":"2016-10-06T15:35:10","guid":{"rendered":"http:\/\/www.shclechelles.ch\/test-wordpress\/?page_id=75"},"modified":"2018-09-21T12:34:27","modified_gmt":"2018-09-21T11:34:27","slug":"infrastructure","status":"publish","type":"page","link":"https:\/\/www.shclechelles.ch\/v3\/index.php\/sample-page\/le-club\/presentation-du-club\/infrastructure\/","title":{"rendered":"Infrastructure"},"content":{"rendered":"<h1 style=\"text-align: justify;\">La Construction du toit et la r\u00e9novation du terrain<\/h1>\n<p style=\"text-align: justify;\">\nDepuis 2013-2014, le club commence \u00e0 se poser la question de la r\u00e9novation du terrain, \u00e9tant donn\u00e9 que le bitume commence \u00e0 se d\u00e9t\u00e9riorer. L&rsquo;organisation des finales 2014 permet d&rsquo;alimenter les caisses du club et les projets les plus fous commencent \u00e0 germer. Un premier projet de toit est lanc\u00e9. Malheureusement, apr\u00e8s une premi\u00e8re \u00e9tude, le budget de ces travaux est largement sup\u00e9rieur \u00e0 ce qui \u00e9tait imagin\u00e9. Apr\u00e8s de nombreux mois de discussion sur la faisabilit\u00e9 d&rsquo;un tel projet, un nouvel \u00e9lan est apparu en 2016 avec un projet qui devenait de plus en plus r\u00e9aliste, gr\u00e2ce \u00e0 l&rsquo;implication de nombreuses personnes internes et externes au club.<\/p>\n<div><\/div>\n<p>Les travaux commencent durant l&rsquo;\u00e9t\u00e9 2017 par la construction des socles en b\u00e9ton pour les piliers du toit. Ces travaux ont enti\u00e8rement \u00e9t\u00e9 r\u00e9alis\u00e9s par une \u00e9quipe de b\u00e9n\u00e9voles emmen\u00e9e par \u00ab\u00a0Papilou\u00a0\u00bb (Philippe Hayoz).<br \/>\n<img loading=\"lazy\" decoding=\"async\" src=\"http:\/\/www.shclechelles.ch\/v3\/wp-content\/uploads\/2018\/09\/IMG_20171007_114011-1024x768.jpg\" alt=\"\" width=\"525\" height=\"394\" class=\"aligncenter size-large wp-image-978\" srcset=\"https:\/\/www.shclechelles.ch\/v3\/wp-content\/uploads\/2018\/09\/IMG_20171007_114011-1024x768.jpg 1024w, https:\/\/www.shclechelles.ch\/v3\/wp-content\/uploads\/2018\/09\/IMG_20171007_114011-300x225.jpg 300w, https:\/\/www.shclechelles.ch\/v3\/wp-content\/uploads\/2018\/09\/IMG_20171007_114011-768x576.jpg 768w, https:\/\/www.shclechelles.ch\/v3\/wp-content\/uploads\/2018\/09\/IMG_20171007_114011-350x263.jpg 350w\" sizes=\"auto, (max-width: 525px) 100vw, 525px\" \/><\/p>\n<p><img loading=\"lazy\" decoding=\"async\" src=\"http:\/\/www.shclechelles.ch\/v3\/wp-content\/uploads\/2018\/09\/IMG_20171021_160746-768x1024.jpg\" alt=\"\" width=\"525\" height=\"700\" class=\"aligncenter size-large wp-image-979\" srcset=\"https:\/\/www.shclechelles.ch\/v3\/wp-content\/uploads\/2018\/09\/IMG_20171021_160746-768x1024.jpg 768w, https:\/\/www.shclechelles.ch\/v3\/wp-content\/uploads\/2018\/09\/IMG_20171021_160746-225x300.jpg 225w, https:\/\/www.shclechelles.ch\/v3\/wp-content\/uploads\/2018\/09\/IMG_20171021_160746-350x467.jpg 350w\" sizes=\"auto, (max-width: 525px) 100vw, 525px\" \/><\/p>\n<p style=\"text-align: justify;\">\nLa 2\u00e8me \u00e9tape fut la construction du toit par l&rsquo;entreprise Farmwood et de l&rsquo;\u00e9clairage du terrain par l&rsquo;entreprise 2C Energies. Suite \u00e0 notre demande, le bois de la construction est certifi\u00e9 par le label COBS qui garantit une origine du bois en provenance des for\u00eats suisses. Le toit fut ainsi pr\u00eat pour le 1er d\u00e9cembre.<\/p>\n<div><\/div>\n<p style=\"text-align: justify;\">\nL&rsquo;approbation, vers mi-d\u00e9cembre 2017, d&rsquo;un cr\u00e9dit de subvention de la part de Belmont-Broye est accueilli comme un soulagement de la part du club. Gr\u00e2ce \u00e0 ce financement, le comit\u00e9 a pu valider les variantes de remplacer compl\u00e8tement les bandes du terrain et de poser des parois lat\u00e9rales au toit afin de se prot\u00e9ger de mani\u00e8re plus efficace des pr\u00e9cipitations.<\/p>\n<div><\/div>\n<p style=\"text-align: justify;\">\nDepuis juin 2018, la derni\u00e8re \u00e9tape de travaux \u00e0 d\u00e9but\u00e9 avec le d\u00e9montage des anciennes bandes (avec l&rsquo;aide du SHC Domdidier Ducks qui les a r\u00e9cup\u00e9r\u00e9es pour un \u00e9ventuel emploi futur). La pose d&rsquo;une nouvelle couche de bitume a \u00e9t\u00e9 effectu\u00e9e par l&rsquo;entreprise Grisoni-Zaugg et le remplacement des anciennes bandes a \u00e9t\u00e9 effectu\u00e9 par RealSport. La pose de parois lat\u00e9rales est en cours par les Charpentes du Belmont.<\/p>\n<div><\/div>\n<h1 style=\"text-align: justify;\">La Buvette<\/h1>\n<p><img loading=\"lazy\" decoding=\"async\" class=\"aligncenter size-large wp-image-136\" src=\"http:\/\/www.shclechelles.ch\/test-wordpress\/wp-content\/uploads\/2016\/10\/buvette_005-1024x768.jpg\" alt=\"buvette_005\" width=\"640\" height=\"480\" srcset=\"https:\/\/www.shclechelles.ch\/v3\/wp-content\/uploads\/2016\/10\/buvette_005-1024x768.jpg 1024w, https:\/\/www.shclechelles.ch\/v3\/wp-content\/uploads\/2016\/10\/buvette_005-350x263.jpg 350w, https:\/\/www.shclechelles.ch\/v3\/wp-content\/uploads\/2016\/10\/buvette_005-300x225.jpg 300w, https:\/\/www.shclechelles.ch\/v3\/wp-content\/uploads\/2016\/10\/buvette_005-768x576.jpg 768w, https:\/\/www.shclechelles.ch\/v3\/wp-content\/uploads\/2016\/10\/buvette_005.jpg 2048w\" sizes=\"auto, (max-width: 640px) 100vw, 640px\" \/><\/p>\n<div><\/div>\n<div><img loading=\"lazy\" decoding=\"async\" class=\"aligncenter size-large wp-image-135\" src=\"http:\/\/www.shclechelles.ch\/test-wordpress\/wp-content\/uploads\/2016\/10\/buvette_001-1024x768.jpg\" alt=\"buvette_001\" width=\"640\" height=\"480\" srcset=\"https:\/\/www.shclechelles.ch\/v3\/wp-content\/uploads\/2016\/10\/buvette_001-1024x768.jpg 1024w, https:\/\/www.shclechelles.ch\/v3\/wp-content\/uploads\/2016\/10\/buvette_001-350x263.jpg 350w, https:\/\/www.shclechelles.ch\/v3\/wp-content\/uploads\/2016\/10\/buvette_001-300x225.jpg 300w, https:\/\/www.shclechelles.ch\/v3\/wp-content\/uploads\/2016\/10\/buvette_001-768x576.jpg 768w, https:\/\/www.shclechelles.ch\/v3\/wp-content\/uploads\/2016\/10\/buvette_001.jpg 2048w\" sizes=\"auto, (max-width: 640px) 100vw, 640px\" \/><\/div>\n<p style=\"text-align: justify;\">Pour le club, il est primordial d\u2019avoir \u00e0 disposition une buvette. Nous avons pu r\u00e9cup\u00e9rer la structure m\u00e9tallique de l\u2019ancienne boulangerie du \u00ab Vieux Grenier \u00bb \u00e0 Cournillens ainsi qu\u2019une chambre froide. Au d\u00e9part, il ne devait pas y avoir un \u00e9norme boulot et des gros frais. Mais tout ne s\u2019est pas pass\u00e9 comme pr\u00e9vu.<\/p>\n<p style=\"text-align: justify;\">Pour la transporter jusqu&rsquo;\u00e0 L\u00e9chelles, il a fallu que Ren\u00e9-Pierre Macheret vienne plusieurs fois avec son camion car nous avions du la d\u00e9monter en quatre \u00e9l\u00e9ments. Auparavant, nous avions piqu\u00e9 le sol et d\u00e9mont\u00e9 le toit \u00e0 Cournillens, pendant qu\u2019une \u00e9quipe pr\u00e9parait le radier \u00e0 c\u00f4t\u00e9 de la place de skater.<\/p>\n<p style=\"text-align: justify;\">Une fois en place, il a fallu redresser la structure et la fixer au radier. Tout cela a \u00e9t\u00e9 possible gr\u00e2ce aux nombreuses heures que Didier Maradan a pass\u00e9es pour nous. Une fois encore, l\u2019avancement des travaux est d\u00fb au soutien des membres du club. L\u2019entreprise Cuennet nous a, comme pour les cabanes du terrain, aid\u00e9 pour la r\u00e9alisation du toit. Les parois ont \u00e9t\u00e9 r\u00e9alis\u00e9es par nos a\u00een\u00e9s du village qui ont pass\u00e9 une semaine de travail pour am\u00e9nager l\u2019int\u00e9rieur. Un grand merci \u00e0 Edgard et Pascal Ribotel, Martial Michel et ceux qui sont venus les aider. Une personne qui n\u2019est pas venu directement aider sur le chantier m\u00e9rite tout de m\u00eame nos remerciements, je veux parler de Dominique Coispine et de son auberge qui nous a restaur\u00e9s avec ses d\u00e9licieux menus du jour. Nous nous r\u00e9jouissons de pouvoir vous recevoir dans notre buvette pour partager le verre de l\u2019amiti\u00e9 et pour passer des moments inoubliables.<\/p>\n<h1 style=\"text-align: justify;\">Le Terrain<\/h1>\n<p>H\u00e9 oui, \u00e7a fait d\u00e9j\u00e0 quelques ann\u00e9es que notre terrain de skater hockey est termin\u00e9. Tout avait commenc\u00e9 quand l\u2019assembl\u00e9e communale acceptait le budget pour la place. Ensuite, il avait fallu attendre un an pour laisser tasser le remblai. C\u2019est au d\u00e9part des travaux que commencent les histoires (dr\u00f4les). Le club prenait \u00e0 charge une partie financi\u00e8re mais devait travailler pour une somme de 25&rsquo;000.- C\u2019est ainsi que la r\u00e9alisation des cabanes des joueurs et d\u2019officiels, de m\u00eame que l\u2019installation \u00e9lectrique nous \u00e9taient confi\u00e9es.<\/p>\n<p><img loading=\"lazy\" decoding=\"async\" class=\"aligncenter size-full wp-image-133\" src=\"http:\/\/www.shclechelles.ch\/test-wordpress\/wp-content\/uploads\/2016\/10\/terrain_1.jpg\" alt=\"terrain_1\" width=\"889\" height=\"521\" srcset=\"https:\/\/www.shclechelles.ch\/v3\/wp-content\/uploads\/2016\/10\/terrain_1.jpg 889w, https:\/\/www.shclechelles.ch\/v3\/wp-content\/uploads\/2016\/10\/terrain_1-350x205.jpg 350w, https:\/\/www.shclechelles.ch\/v3\/wp-content\/uploads\/2016\/10\/terrain_1-300x176.jpg 300w, https:\/\/www.shclechelles.ch\/v3\/wp-content\/uploads\/2016\/10\/terrain_1-768x450.jpg 768w\" sizes=\"auto, (max-width: 706px) 89vw, (max-width: 767px) 82vw, 740px\" \/><\/p>\n<p><img loading=\"lazy\" decoding=\"async\" class=\"aligncenter size-large wp-image-134\" src=\"http:\/\/www.shclechelles.ch\/test-wordpress\/wp-content\/uploads\/2016\/10\/terrain_2-1024x768.jpg\" alt=\"terrain_2\" width=\"640\" height=\"480\" srcset=\"https:\/\/www.shclechelles.ch\/v3\/wp-content\/uploads\/2016\/10\/terrain_2-1024x768.jpg 1024w, https:\/\/www.shclechelles.ch\/v3\/wp-content\/uploads\/2016\/10\/terrain_2-350x263.jpg 350w, https:\/\/www.shclechelles.ch\/v3\/wp-content\/uploads\/2016\/10\/terrain_2-300x225.jpg 300w, https:\/\/www.shclechelles.ch\/v3\/wp-content\/uploads\/2016\/10\/terrain_2-768x576.jpg 768w, https:\/\/www.shclechelles.ch\/v3\/wp-content\/uploads\/2016\/10\/terrain_2.jpg 2048w\" sizes=\"auto, (max-width: 640px) 100vw, 640px\" \/><\/p>\n<p>&nbsp;<\/p>\n<p style=\"text-align: justify;\">Nous avons la chance d\u2019avoir presque tous les corps de m\u00e9tier de la construction dans notre club et le soutien de nos membres a fait le succ\u00e8s du chantier. Certes, il y a eu quelques accrocs comme la construction des socles en b\u00e9ton pour les projecteurs ou simplement la livraison des m\u00e2ts mais tout c\u2019est bien termin\u00e9. Ces travaux ont pu \u00eatre r\u00e9alis\u00e9s gr\u00e2ce au soutien de l\u2019entreprise d\u2019Andr\u00e9 Progin et de ses fils qui nous ont aid\u00e9s et mis \u00e0 disposition les machines n\u00e9cessaires. Concernant les cabanes, nous avons eu la chance de pouvoir compter sur la charpenterie de Marc Cuennet et de ses employ\u00e9s pour r\u00e9aliser les meilleures cabanes de la Broye. Il leur a fallu un sacr\u00e9 moral pour nous supporter car pas tout le monde n\u2019est charpentier et \u00e7a c\u2019est vu\u2026<\/p>\n<p style=\"text-align: justify;\">Enfin, apr\u00e8s plus de 700 heures de travail fourni par l\u2019ensemble de nos membres et la construction du terrain par des entreprises sp\u00e9cialis\u00e9es, la place a pu \u00eatre inaugur\u00e9e l\u2019ann\u00e9e pass\u00e9e. Un grand merci \u00e0 toutes les personnes qui ont permis la r\u00e9alisation de cette piste de skater hockey.<\/p>\n","protected":false},"excerpt":{"rendered":"<p>La Construction du toit et la r\u00e9novation du terrain Depuis 2013-2014, le club commence \u00e0 se poser la question de la r\u00e9novation du terrain, \u00e9tant donn\u00e9 que le bitume commence \u00e0 se d\u00e9t\u00e9riorer. L&rsquo;organisation des finales 2014 permet d&rsquo;alimenter les caisses du club et les projets les plus fous commencent \u00e0 germer. Un premier projet &hellip; <\/p>\n<p class=\"link-more\"><a href=\"https:\/\/www.shclechelles.ch\/v3\/index.php\/sample-page\/le-club\/presentation-du-club\/infrastructure\/\" class=\"more-link\">Continuer la lecture<span class=\"screen-reader-text\"> de &laquo;&nbsp;Infrastructure&nbsp;&raquo;<\/span><\/a><\/p>\n","protected":false},"author":2,"featured_media":0,"parent":67,"menu_order":0,"comment_status":"closed","ping_status":"closed","template":"","meta":{"jetpack_post_was_ever_published":false,"footnotes":""},"class_list":["post-75","page","type-page","status-publish","hentry"],"yoast_head":"<!-- This site is optimized with the Yoast SEO plugin v26.1.1 - https:\/\/yoast.com\/wordpress\/plugins\/seo\/ -->\n<title>Infrastructure - SHC L\u00e9chelles Coyotes<\/title>\n<meta name=\"robots\" content=\"index, follow, max-snippet:-1, max-image-preview:large, max-video-preview:-1\" \/>\n<link rel=\"canonical\" href=\"http:\/\/www.shclechelles.ch\/v3\/index.php\/sample-page\/le-club\/presentation-du-club\/infrastructure\/\" \/>\n<meta property=\"og:locale\" content=\"fr_FR\" \/>\n<meta property=\"og:type\" content=\"article\" \/>\n<meta property=\"og:title\" content=\"Infrastructure - SHC L\u00e9chelles Coyotes\" \/>\n<meta property=\"og:description\" content=\"La Construction du toit et la r\u00e9novation du terrain Depuis 2013-2014, le club commence \u00e0 se poser la question de la r\u00e9novation du terrain, \u00e9tant donn\u00e9 que le bitume commence \u00e0 se d\u00e9t\u00e9riorer. L&rsquo;organisation des finales 2014 permet d&rsquo;alimenter les caisses du club et les projets les plus fous commencent \u00e0 germer. Un premier projet &hellip; Continuer la lecture de &laquo;&nbsp;Infrastructure&nbsp;&raquo;\" \/>\n<meta property=\"og:url\" content=\"http:\/\/www.shclechelles.ch\/v3\/index.php\/sample-page\/le-club\/presentation-du-club\/infrastructure\/\" \/>\n<meta property=\"og:site_name\" content=\"SHC L\u00e9chelles Coyotes\" \/>\n<meta property=\"article:modified_time\" content=\"2018-09-21T11:34:27+00:00\" \/>\n<meta property=\"og:image\" content=\"http:\/\/www.shclechelles.ch\/v3\/wp-content\/uploads\/2018\/09\/IMG_20171007_114011-1024x768.jpg\" \/>\n<meta name=\"twitter:card\" content=\"summary_large_image\" \/>\n<meta name=\"twitter:label1\" content=\"Dur\u00e9e de lecture estim\u00e9e\" \/>\n\t<meta name=\"twitter:data1\" content=\"5 minutes\" \/>\n<script type=\"application\/ld+json\" class=\"yoast-schema-graph\">{\"@context\":\"https:\/\/schema.org\",\"@graph\":[{\"@type\":\"WebPage\",\"@id\":\"http:\/\/www.shclechelles.ch\/v3\/index.php\/sample-page\/le-club\/presentation-du-club\/infrastructure\/\",\"url\":\"http:\/\/www.shclechelles.ch\/v3\/index.php\/sample-page\/le-club\/presentation-du-club\/infrastructure\/\",\"name\":\"Infrastructure - SHC L\u00e9chelles Coyotes\",\"isPartOf\":{\"@id\":\"https:\/\/www.shclechelles.ch\/v3\/#website\"},\"primaryImageOfPage\":{\"@id\":\"http:\/\/www.shclechelles.ch\/v3\/index.php\/sample-page\/le-club\/presentation-du-club\/infrastructure\/#primaryimage\"},\"image\":{\"@id\":\"http:\/\/www.shclechelles.ch\/v3\/index.php\/sample-page\/le-club\/presentation-du-club\/infrastructure\/#primaryimage\"},\"thumbnailUrl\":\"http:\/\/www.shclechelles.ch\/v3\/wp-content\/uploads\/2018\/09\/IMG_20171007_114011-1024x768.jpg\",\"datePublished\":\"2016-10-06T15:35:10+00:00\",\"dateModified\":\"2018-09-21T11:34:27+00:00\",\"breadcrumb\":{\"@id\":\"http:\/\/www.shclechelles.ch\/v3\/index.php\/sample-page\/le-club\/presentation-du-club\/infrastructure\/#breadcrumb\"},\"inLanguage\":\"fr-FR\",\"potentialAction\":[{\"@type\":\"ReadAction\",\"target\":[\"http:\/\/www.shclechelles.ch\/v3\/index.php\/sample-page\/le-club\/presentation-du-club\/infrastructure\/\"]}]},{\"@type\":\"ImageObject\",\"inLanguage\":\"fr-FR\",\"@id\":\"http:\/\/www.shclechelles.ch\/v3\/index.php\/sample-page\/le-club\/presentation-du-club\/infrastructure\/#primaryimage\",\"url\":\"https:\/\/www.shclechelles.ch\/v3\/wp-content\/uploads\/2018\/09\/IMG_20171007_114011.jpg\",\"contentUrl\":\"https:\/\/www.shclechelles.ch\/v3\/wp-content\/uploads\/2018\/09\/IMG_20171007_114011.jpg\",\"width\":4160,\"height\":3120},{\"@type\":\"BreadcrumbList\",\"@id\":\"http:\/\/www.shclechelles.ch\/v3\/index.php\/sample-page\/le-club\/presentation-du-club\/infrastructure\/#breadcrumb\",\"itemListElement\":[{\"@type\":\"ListItem\",\"position\":1,\"name\":\"Home\",\"item\":\"http:\/\/www.shclechelles.ch\/v3\/\"},{\"@type\":\"ListItem\",\"position\":2,\"name\":\"News\",\"item\":\"http:\/\/www.shclechelles.ch\/v3\/\"},{\"@type\":\"ListItem\",\"position\":3,\"name\":\"Le Club\",\"item\":\"http:\/\/www.shclechelles.ch\/v3\/index.php\/sample-page\/le-club\/\"},{\"@type\":\"ListItem\",\"position\":4,\"name\":\"Pr\u00e9sentation du club\",\"item\":\"http:\/\/www.shclechelles.ch\/v3\/index.php\/sample-page\/le-club\/presentation-du-club\/\"},{\"@type\":\"ListItem\",\"position\":5,\"name\":\"Infrastructure\"}]},{\"@type\":\"WebSite\",\"@id\":\"https:\/\/www.shclechelles.ch\/v3\/#website\",\"url\":\"https:\/\/www.shclechelles.ch\/v3\/\",\"name\":\"SHC L\u00e9chelles Coyotes\",\"description\":\"SHC L\u00e9chelles Coyotes Inline Skater Hockey\",\"potentialAction\":[{\"@type\":\"SearchAction\",\"target\":{\"@type\":\"EntryPoint\",\"urlTemplate\":\"https:\/\/www.shclechelles.ch\/v3\/?s={search_term_string}\"},\"query-input\":{\"@type\":\"PropertyValueSpecification\",\"valueRequired\":true,\"valueName\":\"search_term_string\"}}],\"inLanguage\":\"fr-FR\"}]}<\/script>\n<!-- \/ Yoast SEO plugin. -->","yoast_head_json":{"title":"Infrastructure - SHC L\u00e9chelles Coyotes","robots":{"index":"index","follow":"follow","max-snippet":"max-snippet:-1","max-image-preview":"max-image-preview:large","max-video-preview":"max-video-preview:-1"},"canonical":"http:\/\/www.shclechelles.ch\/v3\/index.php\/sample-page\/le-club\/presentation-du-club\/infrastructure\/","og_locale":"fr_FR","og_type":"article","og_title":"Infrastructure - SHC L\u00e9chelles Coyotes","og_description":"La Construction du toit et la r\u00e9novation du terrain Depuis 2013-2014, le club commence \u00e0 se poser la question de la r\u00e9novation du terrain, \u00e9tant donn\u00e9 que le bitume commence \u00e0 se d\u00e9t\u00e9riorer. L&rsquo;organisation des finales 2014 permet d&rsquo;alimenter les caisses du club et les projets les plus fous commencent \u00e0 germer. Un premier projet &hellip; Continuer la lecture de &laquo;&nbsp;Infrastructure&nbsp;&raquo;","og_url":"http:\/\/www.shclechelles.ch\/v3\/index.php\/sample-page\/le-club\/presentation-du-club\/infrastructure\/","og_site_name":"SHC L\u00e9chelles Coyotes","article_modified_time":"2018-09-21T11:34:27+00:00","og_image":[{"url":"http:\/\/www.shclechelles.ch\/v3\/wp-content\/uploads\/2018\/09\/IMG_20171007_114011-1024x768.jpg","type":"","width":"","height":""}],"twitter_card":"summary_large_image","twitter_misc":{"Dur\u00e9e de lecture estim\u00e9e":"5 minutes"},"schema":{"@context":"https:\/\/schema.org","@graph":[{"@type":"WebPage","@id":"http:\/\/www.shclechelles.ch\/v3\/index.php\/sample-page\/le-club\/presentation-du-club\/infrastructure\/","url":"http:\/\/www.shclechelles.ch\/v3\/index.php\/sample-page\/le-club\/presentation-du-club\/infrastructure\/","name":"Infrastructure - SHC L\u00e9chelles Coyotes","isPartOf":{"@id":"https:\/\/www.shclechelles.ch\/v3\/#website"},"primaryImageOfPage":{"@id":"http:\/\/www.shclechelles.ch\/v3\/index.php\/sample-page\/le-club\/presentation-du-club\/infrastructure\/#primaryimage"},"image":{"@id":"http:\/\/www.shclechelles.ch\/v3\/index.php\/sample-page\/le-club\/presentation-du-club\/infrastructure\/#primaryimage"},"thumbnailUrl":"http:\/\/www.shclechelles.ch\/v3\/wp-content\/uploads\/2018\/09\/IMG_20171007_114011-1024x768.jpg","datePublished":"2016-10-06T15:35:10+00:00","dateModified":"2018-09-21T11:34:27+00:00","breadcrumb":{"@id":"http:\/\/www.shclechelles.ch\/v3\/index.php\/sample-page\/le-club\/presentation-du-club\/infrastructure\/#breadcrumb"},"inLanguage":"fr-FR","potentialAction":[{"@type":"ReadAction","target":["http:\/\/www.shclechelles.ch\/v3\/index.php\/sample-page\/le-club\/presentation-du-club\/infrastructure\/"]}]},{"@type":"ImageObject","inLanguage":"fr-FR","@id":"http:\/\/www.shclechelles.ch\/v3\/index.php\/sample-page\/le-club\/presentation-du-club\/infrastructure\/#primaryimage","url":"https:\/\/www.shclechelles.ch\/v3\/wp-content\/uploads\/2018\/09\/IMG_20171007_114011.jpg","contentUrl":"https:\/\/www.shclechelles.ch\/v3\/wp-content\/uploads\/2018\/09\/IMG_20171007_114011.jpg","width":4160,"height":3120},{"@type":"BreadcrumbList","@id":"http:\/\/www.shclechelles.ch\/v3\/index.php\/sample-page\/le-club\/presentation-du-club\/infrastructure\/#breadcrumb","itemListElement":[{"@type":"ListItem","position":1,"name":"Home","item":"http:\/\/www.shclechelles.ch\/v3\/"},{"@type":"ListItem","position":2,"name":"News","item":"http:\/\/www.shclechelles.ch\/v3\/"},{"@type":"ListItem","position":3,"name":"Le Club","item":"http:\/\/www.shclechelles.ch\/v3\/index.php\/sample-page\/le-club\/"},{"@type":"ListItem","position":4,"name":"Pr\u00e9sentation du club","item":"http:\/\/www.shclechelles.ch\/v3\/index.php\/sample-page\/le-club\/presentation-du-club\/"},{"@type":"ListItem","position":5,"name":"Infrastructure"}]},{"@type":"WebSite","@id":"https:\/\/www.shclechelles.ch\/v3\/#website","url":"https:\/\/www.shclechelles.ch\/v3\/","name":"SHC L\u00e9chelles Coyotes","description":"SHC L\u00e9chelles Coyotes Inline Skater Hockey","potentialAction":[{"@type":"SearchAction","target":{"@type":"EntryPoint","urlTemplate":"https:\/\/www.shclechelles.ch\/v3\/?s={search_term_string}"},"query-input":{"@type":"PropertyValueSpecification","valueRequired":true,"valueName":"search_term_string"}}],"inLanguage":"fr-FR"}]}},"jetpack_sharing_enabled":true,"jetpack_shortlink":"https:\/\/wp.me\/P7Yxqr-1d","_links":{"self":[{"href":"https:\/\/www.shclechelles.ch\/v3\/index.php\/wp-json\/wp\/v2\/pages\/75","targetHints":{"allow":["GET"]}}],"collection":[{"href":"https:\/\/www.shclechelles.ch\/v3\/index.php\/wp-json\/wp\/v2\/pages"}],"about":[{"href":"https:\/\/www.shclechelles.ch\/v3\/index.php\/wp-json\/wp\/v2\/types\/page"}],"author":[{"embeddable":true,"href":"https:\/\/www.shclechelles.ch\/v3\/index.php\/wp-json\/wp\/v2\/users\/2"}],"replies":[{"embeddable":true,"href":"https:\/\/www.shclechelles.ch\/v3\/index.php\/wp-json\/wp\/v2\/comments?post=75"}],"version-history":[{"count":16,"href":"https:\/\/www.shclechelles.ch\/v3\/index.php\/wp-json\/wp\/v2\/pages\/75\/revisions"}],"predecessor-version":[{"id":984,"href":"https:\/\/www.shclechelles.ch\/v3\/index.php\/wp-json\/wp\/v2\/pages\/75\/revisions\/984"}],"up":[{"embeddable":true,"href":"https:\/\/www.shclechelles.ch\/v3\/index.php\/wp-json\/wp\/v2\/pages\/67"}],"wp:attachment":[{"href":"https:\/\/www.shclechelles.ch\/v3\/index.php\/wp-json\/wp\/v2\/media?parent=75"}],"curies":[{"name":"wp","href":"https:\/\/api.w.org\/{rel}","templated":true}]}}