{"id":69,"date":"2016-10-06T16:34:15","date_gmt":"2016-10-06T15:34:15","guid":{"rendered":"http:\/\/www.shclechelles.ch\/test-wordpress\/?page_id=69"},"modified":"2023-01-06T14:07:16","modified_gmt":"2023-01-06T13:07:16","slug":"comite","status":"publish","type":"page","link":"https:\/\/www.shclechelles.ch\/v3\/index.php\/sample-page\/le-club\/presentation-du-club\/comite\/","title":{"rendered":"Comit\u00e9"},"content":{"rendered":"<table style=\"height: 331px;\" border=\"0\" width=\"801\" cellspacing=\"0\" cellpadding=\"0\">\n<tbody>\n<tr>\n<td class=\"xl67\" width=\"235\" height=\"26\"><strong>Fonction<\/strong><\/td>\n<td class=\"xl67\" width=\"99\"><strong>Nom<\/strong><\/td>\n<td class=\"xl67\" width=\"107\"><strong>Pr\u00e9nom<\/strong><\/td>\n<td class=\"xl67\" width=\"107\"><strong>E-mail<\/strong><\/td>\n<td class=\"xl67\" width=\"130\"><strong>T\u00e9l\u00e9phone<\/strong><\/td>\n<\/tr>\n<tr>\n<td class=\"xl65\" width=\"235\" height=\"26\">Pr\u00e9sident<\/td>\n<td class=\"xl65\" width=\"99\">Christan<\/td>\n<td class=\"xl65\" width=\"107\">Florent<\/td>\n<td class=\"xl65\" width=\"107\"><span dir=\"ltr\" data-tooltip=\"Envoyer e-mail\">florent.christan@shclechelles.ch<\/span><\/td>\n<td class=\"xl65\" width=\"130\">+41 (0)796728029<\/td>\n<\/tr>\n<tr>\n<td class=\"xl65\" width=\"235\" height=\"26\">Responsable technique<\/td>\n<td class=\"xl65\" width=\"99\">Buchs<\/td>\n<td class=\"xl65\" width=\"107\">Guillaume<\/td>\n<td class=\"xl65\" width=\"107\">\u00a0<\/td>\n<td class=\"xl65\" width=\"130\">\u00a0<\/td>\n<\/tr>\n<tr>\n<td class=\"xl65\" width=\"235\" height=\"26\">Secr\u00e9taire<\/td>\n<td class=\"xl65\" width=\"99\">Hayoz<\/td>\n<td class=\"xl65\" width=\"107\">Ludovic<\/td>\n<td class=\"xl65\" width=\"107\">hayoz.ludovic@gmail.com<\/td>\n<td class=\"xl65\" width=\"130\">+41 (0)79\/401.43.65<\/td>\n<\/tr>\n<tr>\n<td class=\"xl65\" width=\"235\" height=\"26\">Caissier<\/td>\n<td class=\"xl65\" width=\"99\">Carrel<\/td>\n<td class=\"xl65\" width=\"107\">Romain<\/td>\n<td class=\"xl65\" width=\"107\">\u00a0<\/td>\n<td class=\"xl65\" width=\"130\">\u00a0<\/td>\n<\/tr>\n<tr>\n<td class=\"xl65\" width=\"235\" height=\"26\">Responsable Arbitres<\/td>\n<td class=\"xl65\" width=\"99\">Demierre<\/td>\n<td class=\"xl65\" width=\"107\">Micha\u00ebl<\/td>\n<td class=\"xl65\" width=\"107\">\u00a0<\/td>\n<td class=\"xl65\" width=\"130\">\u00a0<\/td>\n<\/tr>\n<tr>\n<td class=\"xl65\" width=\"235\" height=\"26\">Responsable Officiels<\/td>\n<td class=\"xl65\" width=\"99\">Boschung<\/td>\n<td class=\"xl65\" width=\"107\">Chris<\/td>\n<td class=\"xl65\" width=\"107\">\u00a0<\/td>\n<td class=\"xl65\" width=\"130\">\u00a0<\/td>\n<\/tr>\n<tr>\n<td class=\"xl65\" width=\"235\" height=\"26\">Responsable Calendriers<\/td>\n<td class=\"xl65\" width=\"99\">Raemy<\/td>\n<td class=\"xl65\" width=\"107\">Damien<\/td>\n<td class=\"xl65\" width=\"107\">comite@shclechelles.ch<\/td>\n<td class=\"xl65\" width=\"130\">\u00a0<\/td>\n<\/tr>\n<tr>\n<td class=\"xl65\" width=\"235\" height=\"26\">Responsable Buvette<\/td>\n<td class=\"xl65\" width=\"99\">Raemy<\/td>\n<td class=\"xl65\" width=\"107\">Damien<\/td>\n<td class=\"xl65\" width=\"107\">\u00a0<\/td>\n<td class=\"xl65\" width=\"130\">\u00a0<\/td>\n<\/tr>\n<tr>\n<td class=\"xl65\" width=\"235\" height=\"26\">Responsable Manifestations<\/td>\n<td class=\"xl65\" width=\"99\">Coispine<\/td>\n<td class=\"xl65\" width=\"107\">Damien<\/td>\n<td class=\"xl65\" width=\"107\">\u00a0<\/td>\n<td class=\"xl65\" width=\"130\">\u00a0<\/td>\n<\/tr>\n<tr>\n<td class=\"xl65\" width=\"235\" height=\"26\">Responsable Mouvement Juniors<\/td>\n<td class=\"xl65\" width=\"99\">Seydoux<\/td>\n<td class=\"xl65\" width=\"107\">Yvan<\/td>\n<td class=\"xl65\" width=\"107\">\u00a0<\/td>\n<td class=\"xl65\" width=\"130\">\u00a0<\/td>\n<\/tr>\n<\/tbody>\n<\/table>\n\n\n<p>Contact g\u00e9n\u00e9ral : comite@shclechelles.ch<\/p>\n","protected":false},"excerpt":{"rendered":"<p>Fonction Nom Pr\u00e9nom E-mail T\u00e9l\u00e9phone Pr\u00e9sident Christan Florent florent.christan@shclechelles.ch +41 (0)796728029 Responsable technique Buchs Guillaume \u00a0 \u00a0 Secr\u00e9taire Hayoz Ludovic hayoz.ludovic@gmail.com +41 (0)79\/401.43.65 Caissier Carrel Romain \u00a0 \u00a0 Responsable Arbitres Demierre Micha\u00ebl \u00a0 \u00a0 Responsable Officiels Boschung Chris \u00a0 \u00a0 Responsable Calendriers Raemy Damien comite@shclechelles.ch \u00a0 Responsable Buvette Raemy Damien \u00a0 \u00a0 Responsable Manifestations Coispine &hellip; <\/p>\n<p class=\"link-more\"><a href=\"https:\/\/www.shclechelles.ch\/v3\/index.php\/sample-page\/le-club\/presentation-du-club\/comite\/\" class=\"more-link\">Continuer la lecture<span class=\"screen-reader-text\"> de &laquo;&nbsp;Comit\u00e9&nbsp;&raquo;<\/span><\/a><\/p>\n","protected":false},"author":2,"featured_media":0,"parent":67,"menu_order":0,"comment_status":"closed","ping_status":"closed","template":"","meta":{"jetpack_post_was_ever_published":false,"footnotes":""},"class_list":["post-69","page","type-page","status-publish","hentry"],"yoast_head":"<!-- This site is optimized with the Yoast SEO plugin v26.1.1 - https:\/\/yoast.com\/wordpress\/plugins\/seo\/ -->\n<title>Comit\u00e9 - SHC L\u00e9chelles Coyotes<\/title>\n<meta name=\"robots\" content=\"index, follow, max-snippet:-1, max-image-preview:large, max-video-preview:-1\" \/>\n<link rel=\"canonical\" href=\"https:\/\/www.shclechelles.ch\/v3\/index.php\/sample-page\/le-club\/presentation-du-club\/comite\/\" \/>\n<meta property=\"og:locale\" content=\"fr_FR\" \/>\n<meta property=\"og:type\" content=\"article\" \/>\n<meta property=\"og:title\" content=\"Comit\u00e9 - SHC L\u00e9chelles Coyotes\" \/>\n<meta property=\"og:description\" content=\"Fonction Nom Pr\u00e9nom E-mail T\u00e9l\u00e9phone Pr\u00e9sident Christan Florent florent.christan@shclechelles.ch +41 (0)796728029 Responsable technique Buchs Guillaume \u00a0 \u00a0 Secr\u00e9taire Hayoz Ludovic hayoz.ludovic@gmail.com +41 (0)79\/401.43.65 Caissier Carrel Romain \u00a0 \u00a0 Responsable Arbitres Demierre Micha\u00ebl \u00a0 \u00a0 Responsable Officiels Boschung Chris \u00a0 \u00a0 Responsable Calendriers Raemy Damien comite@shclechelles.ch \u00a0 Responsable Buvette Raemy Damien \u00a0 \u00a0 Responsable Manifestations Coispine &hellip; Continuer la lecture de &laquo;&nbsp;Comit\u00e9&nbsp;&raquo;\" \/>\n<meta property=\"og:url\" content=\"https:\/\/www.shclechelles.ch\/v3\/index.php\/sample-page\/le-club\/presentation-du-club\/comite\/\" \/>\n<meta property=\"og:site_name\" content=\"SHC L\u00e9chelles Coyotes\" \/>\n<meta property=\"article:modified_time\" content=\"2023-01-06T13:07:16+00:00\" \/>\n<meta name=\"twitter:card\" content=\"summary_large_image\" \/>\n<meta name=\"twitter:label1\" content=\"Dur\u00e9e de lecture estim\u00e9e\" \/>\n\t<meta name=\"twitter:data1\" content=\"1 minute\" \/>\n<script type=\"application\/ld+json\" class=\"yoast-schema-graph\">{\"@context\":\"https:\/\/schema.org\",\"@graph\":[{\"@type\":\"WebPage\",\"@id\":\"https:\/\/www.shclechelles.ch\/v3\/index.php\/sample-page\/le-club\/presentation-du-club\/comite\/\",\"url\":\"https:\/\/www.shclechelles.ch\/v3\/index.php\/sample-page\/le-club\/presentation-du-club\/comite\/\",\"name\":\"Comit\u00e9 - SHC L\u00e9chelles Coyotes\",\"isPartOf\":{\"@id\":\"https:\/\/www.shclechelles.ch\/v3\/#website\"},\"datePublished\":\"2016-10-06T15:34:15+00:00\",\"dateModified\":\"2023-01-06T13:07:16+00:00\",\"breadcrumb\":{\"@id\":\"https:\/\/www.shclechelles.ch\/v3\/index.php\/sample-page\/le-club\/presentation-du-club\/comite\/#breadcrumb\"},\"inLanguage\":\"fr-FR\",\"potentialAction\":[{\"@type\":\"ReadAction\",\"target\":[\"https:\/\/www.shclechelles.ch\/v3\/index.php\/sample-page\/le-club\/presentation-du-club\/comite\/\"]}]},{\"@type\":\"BreadcrumbList\",\"@id\":\"https:\/\/www.shclechelles.ch\/v3\/index.php\/sample-page\/le-club\/presentation-du-club\/comite\/#breadcrumb\",\"itemListElement\":[{\"@type\":\"ListItem\",\"position\":1,\"name\":\"Home\",\"item\":\"http:\/\/www.shclechelles.ch\/v3\/\"},{\"@type\":\"ListItem\",\"position\":2,\"name\":\"News\",\"item\":\"http:\/\/www.shclechelles.ch\/v3\/\"},{\"@type\":\"ListItem\",\"position\":3,\"name\":\"Le Club\",\"item\":\"http:\/\/www.shclechelles.ch\/v3\/index.php\/sample-page\/le-club\/\"},{\"@type\":\"ListItem\",\"position\":4,\"name\":\"Pr\u00e9sentation du club\",\"item\":\"http:\/\/www.shclechelles.ch\/v3\/index.php\/sample-page\/le-club\/presentation-du-club\/\"},{\"@type\":\"ListItem\",\"position\":5,\"name\":\"Comit\u00e9\"}]},{\"@type\":\"WebSite\",\"@id\":\"https:\/\/www.shclechelles.ch\/v3\/#website\",\"url\":\"https:\/\/www.shclechelles.ch\/v3\/\",\"name\":\"SHC L\u00e9chelles Coyotes\",\"description\":\"SHC L\u00e9chelles Coyotes Inline Skater Hockey\",\"potentialAction\":[{\"@type\":\"SearchAction\",\"target\":{\"@type\":\"EntryPoint\",\"urlTemplate\":\"https:\/\/www.shclechelles.ch\/v3\/?s={search_term_string}\"},\"query-input\":{\"@type\":\"PropertyValueSpecification\",\"valueRequired\":true,\"valueName\":\"search_term_string\"}}],\"inLanguage\":\"fr-FR\"}]}<\/script>\n<!-- \/ Yoast SEO plugin. -->","yoast_head_json":{"title":"Comit\u00e9 - SHC L\u00e9chelles Coyotes","robots":{"index":"index","follow":"follow","max-snippet":"max-snippet:-1","max-image-preview":"max-image-preview:large","max-video-preview":"max-video-preview:-1"},"canonical":"https:\/\/www.shclechelles.ch\/v3\/index.php\/sample-page\/le-club\/presentation-du-club\/comite\/","og_locale":"fr_FR","og_type":"article","og_title":"Comit\u00e9 - SHC L\u00e9chelles Coyotes","og_description":"Fonction Nom Pr\u00e9nom E-mail T\u00e9l\u00e9phone Pr\u00e9sident Christan Florent florent.christan@shclechelles.ch +41 (0)796728029 Responsable technique Buchs Guillaume \u00a0 \u00a0 Secr\u00e9taire Hayoz Ludovic hayoz.ludovic@gmail.com +41 (0)79\/401.43.65 Caissier Carrel Romain \u00a0 \u00a0 Responsable Arbitres Demierre Micha\u00ebl \u00a0 \u00a0 Responsable Officiels Boschung Chris \u00a0 \u00a0 Responsable Calendriers Raemy Damien comite@shclechelles.ch \u00a0 Responsable Buvette Raemy Damien \u00a0 \u00a0 Responsable Manifestations Coispine &hellip; Continuer la lecture de &laquo;&nbsp;Comit\u00e9&nbsp;&raquo;","og_url":"https:\/\/www.shclechelles.ch\/v3\/index.php\/sample-page\/le-club\/presentation-du-club\/comite\/","og_site_name":"SHC L\u00e9chelles Coyotes","article_modified_time":"2023-01-06T13:07:16+00:00","twitter_card":"summary_large_image","twitter_misc":{"Dur\u00e9e de lecture estim\u00e9e":"1 minute"},"schema":{"@context":"https:\/\/schema.org","@graph":[{"@type":"WebPage","@id":"https:\/\/www.shclechelles.ch\/v3\/index.php\/sample-page\/le-club\/presentation-du-club\/comite\/","url":"https:\/\/www.shclechelles.ch\/v3\/index.php\/sample-page\/le-club\/presentation-du-club\/comite\/","name":"Comit\u00e9 - SHC L\u00e9chelles Coyotes","isPartOf":{"@id":"https:\/\/www.shclechelles.ch\/v3\/#website"},"datePublished":"2016-10-06T15:34:15+00:00","dateModified":"2023-01-06T13:07:16+00:00","breadcrumb":{"@id":"https:\/\/www.shclechelles.ch\/v3\/index.php\/sample-page\/le-club\/presentation-du-club\/comite\/#breadcrumb"},"inLanguage":"fr-FR","potentialAction":[{"@type":"ReadAction","target":["https:\/\/www.shclechelles.ch\/v3\/index.php\/sample-page\/le-club\/presentation-du-club\/comite\/"]}]},{"@type":"BreadcrumbList","@id":"https:\/\/www.shclechelles.ch\/v3\/index.php\/sample-page\/le-club\/presentation-du-club\/comite\/#breadcrumb","itemListElement":[{"@type":"ListItem","position":1,"name":"Home","item":"http:\/\/www.shclechelles.ch\/v3\/"},{"@type":"ListItem","position":2,"name":"News","item":"http:\/\/www.shclechelles.ch\/v3\/"},{"@type":"ListItem","position":3,"name":"Le Club","item":"http:\/\/www.shclechelles.ch\/v3\/index.php\/sample-page\/le-club\/"},{"@type":"ListItem","position":4,"name":"Pr\u00e9sentation du club","item":"http:\/\/www.shclechelles.ch\/v3\/index.php\/sample-page\/le-club\/presentation-du-club\/"},{"@type":"ListItem","position":5,"name":"Comit\u00e9"}]},{"@type":"WebSite","@id":"https:\/\/www.shclechelles.ch\/v3\/#website","url":"https:\/\/www.shclechelles.ch\/v3\/","name":"SHC L\u00e9chelles Coyotes","description":"SHC L\u00e9chelles Coyotes Inline Skater Hockey","potentialAction":[{"@type":"SearchAction","target":{"@type":"EntryPoint","urlTemplate":"https:\/\/www.shclechelles.ch\/v3\/?s={search_term_string}"},"query-input":{"@type":"PropertyValueSpecification","valueRequired":true,"valueName":"search_term_string"}}],"inLanguage":"fr-FR"}]}},"jetpack_sharing_enabled":true,"jetpack_shortlink":"https:\/\/wp.me\/P7Yxqr-17","_links":{"self":[{"href":"https:\/\/www.shclechelles.ch\/v3\/index.php\/wp-json\/wp\/v2\/pages\/69","targetHints":{"allow":["GET"]}}],"collection":[{"href":"https:\/\/www.shclechelles.ch\/v3\/index.php\/wp-json\/wp\/v2\/pages"}],"about":[{"href":"https:\/\/www.shclechelles.ch\/v3\/index.php\/wp-json\/wp\/v2\/types\/page"}],"author":[{"embeddable":true,"href":"https:\/\/www.shclechelles.ch\/v3\/index.php\/wp-json\/wp\/v2\/users\/2"}],"replies":[{"embeddable":true,"href":"https:\/\/www.shclechelles.ch\/v3\/index.php\/wp-json\/wp\/v2\/comments?post=69"}],"version-history":[{"count":17,"href":"https:\/\/www.shclechelles.ch\/v3\/index.php\/wp-json\/wp\/v2\/pages\/69\/revisions"}],"predecessor-version":[{"id":1872,"href":"https:\/\/www.shclechelles.ch\/v3\/index.php\/wp-json\/wp\/v2\/pages\/69\/revisions\/1872"}],"up":[{"embeddable":true,"href":"https:\/\/www.shclechelles.ch\/v3\/index.php\/wp-json\/wp\/v2\/pages\/67"}],"wp:attachment":[{"href":"https:\/\/www.shclechelles.ch\/v3\/index.php\/wp-json\/wp\/v2\/media?parent=69"}],"curies":[{"name":"wp","href":"https:\/\/api.w.org\/{rel}","templated":true}]}}