{"id":91,"date":"2016-10-06T16:45:21","date_gmt":"2016-10-06T15:45:21","guid":{"rendered":"http:\/\/www.shclechelles.ch\/test-wordpress\/?page_id=91"},"modified":"2025-10-06T09:36:11","modified_gmt":"2025-10-06T08:36:11","slug":"sponsors","status":"publish","type":"page","link":"http:\/\/www.shclechelles.ch\/v3\/index.php\/sample-page\/le-club\/sponsors\/","title":{"rendered":"Sponsors"},"content":{"rendered":"<p>Nous remercions nos g\u00e9n\u00e9reux donateurs qui sponsorise notre club par l&rsquo;interm\u00e9diaire d&rsquo;un autocollant sur nos bandes du terrain de skater-hockey.<\/p>\n<p><a href=\"http:\/\/www.shclechelles.ch\/v3\/wp-content\/uploads\/2018\/09\/2CEnergies-1.pdf\" target=\"_blank\" rel=\"noopener\">2C Energie <\/a><\/p>\n<p><a target=\"_blank\" rel=\"noopener\">3 \u00e8me acte<\/a><\/p>\n<p><a href=\"https:\/\/www.adserrureriesa.ch\/\" target=\"_blank\" rel=\"noopener\">AD Serrurerie SA<\/a><\/p>\n<p><a href=\"https:\/\/agriswiss.ch\/\" target=\"_blank\" rel=\"noopener\">Agriswiss<\/a><\/p>\n<p><a href=\"http:\/\/franic.ch\/\" target=\"_blank\" rel=\"noopener\">Ateliers Franic SA<\/a><\/p>\n<p><a href=\"https:\/\/vieux-grenier.ch\/\" target=\"_blank\" rel=\"noopener\">Au Vieux Grenier SA <\/a><\/p>\n<p><a href=\"https:\/\/www.aubergelechelles.ch\/\" target=\"_blank\" rel=\"noopener\">Auberge Communale L\u00e9chelles<\/a><\/p>\n<p><a href=\"http:\/\/www.ayko-coiffure.ch\/\" target=\"_blank\" rel=\"noopener\">Ayko coiffure<\/a><\/p>\n<p><a href=\"https:\/\/www.bcf.ch\" target=\"_blank\" rel=\"noopener\">Banque Cantonale de Fribourg<\/a><\/p>\n<p><a href=\"http:\/\/www.barras-services.ch\/\" target=\"_blank\" rel=\"noopener\">Barras service SA<\/a><\/p>\n<p><a href=\"http:\/\/www.blanc-electricite.ch\/\" target=\"_blank\" rel=\"noopener\">Blanc \u00e9lectricit\u00e9<\/a><\/p>\n<p><a href=\"http:\/\/www.shclechelles.ch\/v3\/wp-content\/uploads\/2018\/09\/BlueAutoEcole.pdf\" target=\"_blank\" rel=\"noopener\">Blue Auto Ecole<\/a><\/p>\n<p><a href=\"https:\/\/www.alaferme.ch\/\" target=\"_blank\" rel=\"noopener\">Boucherie \u00e0 la ferme<\/a><\/p>\n<p><a href=\"http:\/\/www.boucheriefragniere.ch\/\" target=\"_blank\" rel=\"noopener\">Boucherie Fragni\u00e8re S\u00e0rl<\/a><\/p>\n<p><a href=\"https:\/\/www.lafaougueuse.ch\/\" target=\"_blank\" rel=\"noopener\">Brasserie la Faougeuse<\/a><\/p>\n<p><a href=\"http:\/\/cbspeinture.ch\/\" target=\"_blank\" rel=\"noopener\">C.B.S. Peinture S\u00e0rl<\/a><\/p>\n<p><a href=\"https:\/\/www.chip-sport.com\/\" target=\"_blank\" rel=\"noopener\">Chip Sport SA<\/a><\/p>\n<p><a href=\"http:\/\/christan.ch\/\" target=\"_blank\" rel=\"noopener\">Christan SA<\/a><\/p>\n<p><a href=\"https:\/\/www.cma.ch\/\" target=\"_blank\" rel=\"noopener\">CMA<\/a><\/p>\n<p><a href=\"https:\/\/www.collaud-criblet.ch\" target=\"_blank\" rel=\"noopener\">Collaud-Criblet SA<\/a><\/p>\n<p><a href=\"https:\/\/www.denner.ch\/fr\/succursales\/stores-detail-page\/store\/rue-du-chateau-1-1564-domdidier\/\" target=\"_blank\" rel=\"noopener\">Denner partenaire<\/a><\/p>\n<p><a href=\"https:\/\/www.funcoiffure.ch\/\" target=\"_blank\" rel=\"noopener\">Fun Coiffure<\/a><\/p>\n<p><a href=\"http:\/\/www.garage-du-centre.ch\/\" target=\"_blank\" rel=\"noopener\">Garage du centre <\/a><\/p>\n<p><a href=\"http:\/\/rossysa.ch\/\" target=\"_blank\" rel=\"noopener\">Garage Rossy SA<\/a><\/p>\n<p><a href=\"https:\/\/www.groupe-grisoni.ch\/\" target=\"_blank\" rel=\"noopener\">Grisoni-Zaugg SA<\/a><\/p>\n<p><a href=\"http:\/\/humbert-fils.ch\/\" target=\"_blank\" rel=\"noopener\">Humbert Edouard &amp; Fils SA<\/a><\/p>\n<p><a href=\"https:\/\/www.mobiliere.ch\/\" target=\"_blank\" rel=\"noopener\">La Mobili\u00e8re<\/a><\/p>\n<p><a href=\"http:\/\/fromageriekern.ch\/\" target=\"_blank\" rel=\"noopener\">Laiterie de Misery<\/a><\/p>\n<p><a href=\"https:\/\/luba.ch\/\" target=\"_blank\" rel=\"noopener\">Luba<\/a><\/p>\n<p><a href=\"http:\/\/www.shclechelles.ch\/v3\/wp-content\/uploads\/2018\/09\/MCuennet.pdf\" target=\"_blank\" rel=\"noopener\">M. Cuennet SA<\/a><\/p>\n<p><a href=\"https:\/\/mayorpneus.ch\/\" target=\"_blank\" rel=\"noopener\">Mayor Pneus SA<\/a><\/p>\n<p><a href=\"http:\/\/www.shclechelles.ch\/v3\/wp-content\/uploads\/2021\/08\/OF-BA-250x100-03-2020-20ans.pdf\" target=\"_blank\" rel=\"noopener\">Ottet Fabrice<\/a><\/p>\n<p><a href=\"http:\/\/www.shclechelles.ch\/v3\/wp-content\/uploads\/2021\/08\/sponsoring_philippe.pdf\" target=\"_blank\" rel=\"noopener\">Philipe Hayoz<\/a><\/p>\n<p><a href=\"https:\/\/www.pictos.ch\" target=\"_blank\" rel=\"noopener\">Pictos<\/a><\/p>\n<p><a href=\"https:\/\/www.protec-stores.ch\/\" target=\"_blank\" rel=\"noopener\">Protec Stores<\/a><\/p>\n<p><a href=\"https:\/\/www.realsport.ch\/\" target=\"_blank\" rel=\"noopener\">Realsport <\/a><\/p>\n<p><a href=\"http:\/\/www.shclechelles.ch\/v3\/wp-content\/uploads\/2018\/09\/RedzoFils.pdf\" target=\"_blank\" rel=\"noopener\">Redzo &amp; Fils SA<\/a><\/p>\n<p><a href=\"https:\/\/www.ribi.ch\/\" target=\"_blank\" rel=\"noopener\">Ribi SA<\/a><\/p>\n<p><a href=\"https:\/\/www.boissons-riond.ch\/\" target=\"_blank\" rel=\"noopener\">Riond Fr\u00e8res S\u00e0rl<\/a><\/p>\n<p><a href=\"https:\/\/www.roland.ch\/\" target=\"_blank\" rel=\"noopener\">Roland Morat SA<\/a><\/p>\n<p><a href=\"https:\/\/www.bringhen.ch\/fr\/agences\/saneo-bringhen-sa-bulle\" target=\"_blank\" rel=\"noopener\">Saneo by Bringhen SA<\/a><\/p>\n<p><a href=\"http:\/\/www.savarioud.ch\/\" target=\"_blank\" rel=\"noopener\">Savarioud SA<\/a><\/p>\n<p><a href=\"https:\/\/www.spgeom.ch\/\" target=\"_blank\" rel=\"noopener\">Sch\u00fctz et P\u00e9clard<\/a><\/p>\n<p><a href=\"https:\/\/www.schweizersolaire.ch\/\" target=\"_blank\" rel=\"noopener\">Schweizer Solaire SARL<\/a><\/p>\n<p><a href=\"https:\/\/www.tabelco.ch\" target=\"_blank\" rel=\"noopener\">Tabelco SA<\/a><\/p>\n<p><a href=\"https:\/\/www.vaudoise.ch\" target=\"_blank\" rel=\"noopener\">Vaudoise Assurances<\/a><\/p>\n<p><a href=\"http:\/\/www.shclechelles.ch\/v3\/wp-content\/uploads\/2018\/09\/VirageNord.pdf\" target=\"_blank\" rel=\"noopener\">Virage Nord<\/a><\/p>\n<p><a href=\"https:\/\/willimannmanagement.ch\/\" target=\"_blank\" rel=\"noopener\">Willimann Management SA<\/a><\/p>\n<p><a href=\"https:\/\/www.winiger-artcar.ch\/\" target=\"_blank\" rel=\"noopener\">Winiger fr\u00e8re<\/a><\/p>\n<p><a href=\"https:\/\/www.zurich.ch\/\" target=\"_blank\" rel=\"noopener\">Zurich assurance<\/a><\/p>\n","protected":false},"excerpt":{"rendered":"<p>Nous remercions nos g\u00e9n\u00e9reux donateurs qui sponsorise notre club par l&rsquo;interm\u00e9diaire d&rsquo;un autocollant sur nos bandes du terrain de skater-hockey. 2C Energie 3 \u00e8me acte AD Serrurerie SA Agriswiss Ateliers Franic SA Au Vieux Grenier SA Auberge Communale L\u00e9chelles Ayko coiffure Banque Cantonale de Fribourg Barras service SA Blanc \u00e9lectricit\u00e9 Blue Auto Ecole Boucherie \u00e0 &hellip; <\/p>\n<p class=\"link-more\"><a href=\"http:\/\/www.shclechelles.ch\/v3\/index.php\/sample-page\/le-club\/sponsors\/\" class=\"more-link\">Continuer la lecture<span class=\"screen-reader-text\"> de &laquo;&nbsp;Sponsors&nbsp;&raquo;<\/span><\/a><\/p>\n","protected":false},"author":2,"featured_media":0,"parent":47,"menu_order":0,"comment_status":"closed","ping_status":"closed","template":"","meta":{"jetpack_post_was_ever_published":false,"footnotes":""},"class_list":["post-91","page","type-page","status-publish","hentry"],"yoast_head":"<!-- This site is optimized with the Yoast SEO plugin v26.1.1 - https:\/\/yoast.com\/wordpress\/plugins\/seo\/ -->\n<title>Sponsors - SHC L\u00e9chelles Coyotes<\/title>\n<meta name=\"robots\" content=\"index, follow, max-snippet:-1, max-image-preview:large, max-video-preview:-1\" \/>\n<link rel=\"canonical\" href=\"https:\/\/www.shclechelles.ch\/v3\/index.php\/sample-page\/le-club\/sponsors\/\" \/>\n<meta property=\"og:locale\" content=\"fr_FR\" \/>\n<meta property=\"og:type\" content=\"article\" \/>\n<meta property=\"og:title\" content=\"Sponsors - SHC L\u00e9chelles Coyotes\" \/>\n<meta property=\"og:description\" content=\"Nous remercions nos g\u00e9n\u00e9reux donateurs qui sponsorise notre club par l&rsquo;interm\u00e9diaire d&rsquo;un autocollant sur nos bandes du terrain de skater-hockey. 2C Energie 3 \u00e8me acte AD Serrurerie SA Agriswiss Ateliers Franic SA Au Vieux Grenier SA Auberge Communale L\u00e9chelles Ayko coiffure Banque Cantonale de Fribourg Barras service SA Blanc \u00e9lectricit\u00e9 Blue Auto Ecole Boucherie \u00e0 &hellip; Continuer la lecture de &laquo;&nbsp;Sponsors&nbsp;&raquo;\" \/>\n<meta property=\"og:url\" content=\"https:\/\/www.shclechelles.ch\/v3\/index.php\/sample-page\/le-club\/sponsors\/\" \/>\n<meta property=\"og:site_name\" content=\"SHC L\u00e9chelles Coyotes\" \/>\n<meta property=\"article:modified_time\" content=\"2025-10-06T08:36:11+00:00\" \/>\n<meta name=\"twitter:card\" content=\"summary_large_image\" \/>\n<meta name=\"twitter:label1\" content=\"Dur\u00e9e de lecture estim\u00e9e\" \/>\n\t<meta name=\"twitter:data1\" content=\"1 minute\" \/>\n<script type=\"application\/ld+json\" class=\"yoast-schema-graph\">{\"@context\":\"https:\/\/schema.org\",\"@graph\":[{\"@type\":\"WebPage\",\"@id\":\"https:\/\/www.shclechelles.ch\/v3\/index.php\/sample-page\/le-club\/sponsors\/\",\"url\":\"https:\/\/www.shclechelles.ch\/v3\/index.php\/sample-page\/le-club\/sponsors\/\",\"name\":\"Sponsors - SHC L\u00e9chelles Coyotes\",\"isPartOf\":{\"@id\":\"https:\/\/www.shclechelles.ch\/v3\/#website\"},\"datePublished\":\"2016-10-06T15:45:21+00:00\",\"dateModified\":\"2025-10-06T08:36:11+00:00\",\"breadcrumb\":{\"@id\":\"https:\/\/www.shclechelles.ch\/v3\/index.php\/sample-page\/le-club\/sponsors\/#breadcrumb\"},\"inLanguage\":\"fr-FR\",\"potentialAction\":[{\"@type\":\"ReadAction\",\"target\":[\"https:\/\/www.shclechelles.ch\/v3\/index.php\/sample-page\/le-club\/sponsors\/\"]}]},{\"@type\":\"BreadcrumbList\",\"@id\":\"https:\/\/www.shclechelles.ch\/v3\/index.php\/sample-page\/le-club\/sponsors\/#breadcrumb\",\"itemListElement\":[{\"@type\":\"ListItem\",\"position\":1,\"name\":\"Home\",\"item\":\"https:\/\/www.shclechelles.ch\/v3\/\"},{\"@type\":\"ListItem\",\"position\":2,\"name\":\"News\",\"item\":\"https:\/\/www.shclechelles.ch\/v3\/\"},{\"@type\":\"ListItem\",\"position\":3,\"name\":\"Le Club\",\"item\":\"https:\/\/www.shclechelles.ch\/v3\/index.php\/sample-page\/le-club\/\"},{\"@type\":\"ListItem\",\"position\":4,\"name\":\"Sponsors\"}]},{\"@type\":\"WebSite\",\"@id\":\"https:\/\/www.shclechelles.ch\/v3\/#website\",\"url\":\"https:\/\/www.shclechelles.ch\/v3\/\",\"name\":\"SHC L\u00e9chelles Coyotes\",\"description\":\"SHC L\u00e9chelles Coyotes Inline Skater Hockey\",\"potentialAction\":[{\"@type\":\"SearchAction\",\"target\":{\"@type\":\"EntryPoint\",\"urlTemplate\":\"https:\/\/www.shclechelles.ch\/v3\/?s={search_term_string}\"},\"query-input\":{\"@type\":\"PropertyValueSpecification\",\"valueRequired\":true,\"valueName\":\"search_term_string\"}}],\"inLanguage\":\"fr-FR\"}]}<\/script>\n<!-- \/ Yoast SEO plugin. -->","yoast_head_json":{"title":"Sponsors - SHC L\u00e9chelles Coyotes","robots":{"index":"index","follow":"follow","max-snippet":"max-snippet:-1","max-image-preview":"max-image-preview:large","max-video-preview":"max-video-preview:-1"},"canonical":"https:\/\/www.shclechelles.ch\/v3\/index.php\/sample-page\/le-club\/sponsors\/","og_locale":"fr_FR","og_type":"article","og_title":"Sponsors - SHC L\u00e9chelles Coyotes","og_description":"Nous remercions nos g\u00e9n\u00e9reux donateurs qui sponsorise notre club par l&rsquo;interm\u00e9diaire d&rsquo;un autocollant sur nos bandes du terrain de skater-hockey. 2C Energie 3 \u00e8me acte AD Serrurerie SA Agriswiss Ateliers Franic SA Au Vieux Grenier SA Auberge Communale L\u00e9chelles Ayko coiffure Banque Cantonale de Fribourg Barras service SA Blanc \u00e9lectricit\u00e9 Blue Auto Ecole Boucherie \u00e0 &hellip; Continuer la lecture de &laquo;&nbsp;Sponsors&nbsp;&raquo;","og_url":"https:\/\/www.shclechelles.ch\/v3\/index.php\/sample-page\/le-club\/sponsors\/","og_site_name":"SHC L\u00e9chelles Coyotes","article_modified_time":"2025-10-06T08:36:11+00:00","twitter_card":"summary_large_image","twitter_misc":{"Dur\u00e9e de lecture estim\u00e9e":"1 minute"},"schema":{"@context":"https:\/\/schema.org","@graph":[{"@type":"WebPage","@id":"https:\/\/www.shclechelles.ch\/v3\/index.php\/sample-page\/le-club\/sponsors\/","url":"https:\/\/www.shclechelles.ch\/v3\/index.php\/sample-page\/le-club\/sponsors\/","name":"Sponsors - SHC L\u00e9chelles Coyotes","isPartOf":{"@id":"https:\/\/www.shclechelles.ch\/v3\/#website"},"datePublished":"2016-10-06T15:45:21+00:00","dateModified":"2025-10-06T08:36:11+00:00","breadcrumb":{"@id":"https:\/\/www.shclechelles.ch\/v3\/index.php\/sample-page\/le-club\/sponsors\/#breadcrumb"},"inLanguage":"fr-FR","potentialAction":[{"@type":"ReadAction","target":["https:\/\/www.shclechelles.ch\/v3\/index.php\/sample-page\/le-club\/sponsors\/"]}]},{"@type":"BreadcrumbList","@id":"https:\/\/www.shclechelles.ch\/v3\/index.php\/sample-page\/le-club\/sponsors\/#breadcrumb","itemListElement":[{"@type":"ListItem","position":1,"name":"Home","item":"https:\/\/www.shclechelles.ch\/v3\/"},{"@type":"ListItem","position":2,"name":"News","item":"https:\/\/www.shclechelles.ch\/v3\/"},{"@type":"ListItem","position":3,"name":"Le Club","item":"https:\/\/www.shclechelles.ch\/v3\/index.php\/sample-page\/le-club\/"},{"@type":"ListItem","position":4,"name":"Sponsors"}]},{"@type":"WebSite","@id":"https:\/\/www.shclechelles.ch\/v3\/#website","url":"https:\/\/www.shclechelles.ch\/v3\/","name":"SHC L\u00e9chelles Coyotes","description":"SHC L\u00e9chelles Coyotes Inline Skater Hockey","potentialAction":[{"@type":"SearchAction","target":{"@type":"EntryPoint","urlTemplate":"https:\/\/www.shclechelles.ch\/v3\/?s={search_term_string}"},"query-input":{"@type":"PropertyValueSpecification","valueRequired":true,"valueName":"search_term_string"}}],"inLanguage":"fr-FR"}]}},"jetpack_sharing_enabled":true,"jetpack_shortlink":"https:\/\/wp.me\/P7Yxqr-1t","_links":{"self":[{"href":"http:\/\/www.shclechelles.ch\/v3\/index.php\/wp-json\/wp\/v2\/pages\/91","targetHints":{"allow":["GET"]}}],"collection":[{"href":"http:\/\/www.shclechelles.ch\/v3\/index.php\/wp-json\/wp\/v2\/pages"}],"about":[{"href":"http:\/\/www.shclechelles.ch\/v3\/index.php\/wp-json\/wp\/v2\/types\/page"}],"author":[{"embeddable":true,"href":"http:\/\/www.shclechelles.ch\/v3\/index.php\/wp-json\/wp\/v2\/users\/2"}],"replies":[{"embeddable":true,"href":"http:\/\/www.shclechelles.ch\/v3\/index.php\/wp-json\/wp\/v2\/comments?post=91"}],"version-history":[{"count":13,"href":"http:\/\/www.shclechelles.ch\/v3\/index.php\/wp-json\/wp\/v2\/pages\/91\/revisions"}],"predecessor-version":[{"id":1936,"href":"http:\/\/www.shclechelles.ch\/v3\/index.php\/wp-json\/wp\/v2\/pages\/91\/revisions\/1936"}],"up":[{"embeddable":true,"href":"http:\/\/www.shclechelles.ch\/v3\/index.php\/wp-json\/wp\/v2\/pages\/47"}],"wp:attachment":[{"href":"http:\/\/www.shclechelles.ch\/v3\/index.php\/wp-json\/wp\/v2\/media?parent=91"}],"curies":[{"name":"wp","href":"https:\/\/api.w.org\/{rel}","templated":true}]}}