{"id":73,"date":"2016-10-06T16:34:53","date_gmt":"2016-10-06T15:34:53","guid":{"rendered":"http:\/\/www.shclechelles.ch\/test-wordpress\/?page_id=73"},"modified":"2025-02-01T11:14:00","modified_gmt":"2025-02-01T10:14:00","slug":"palmares","status":"publish","type":"page","link":"http:\/\/www.shclechelles.ch\/v3\/index.php\/sample-page\/le-club\/presentation-du-club\/palmares\/","title":{"rendered":"Palmar\u00e8s"},"content":{"rendered":"<p><strong>2024-25 FSHBR<\/strong><\/p>\n<ul>\n<li>1\u00e8re \u00e9quipe championne de la Coupe<\/li>\n<\/ul>\n<p><strong>2023-24 FSHBR<\/strong><\/p>\n<ul>\n<li>1\u00e8re \u00e9quipe championne de la Coupe<\/li>\n<li>2\u00e8me \u00e9quipe championne de D2<\/li>\n<\/ul>\n<p><strong>2016 FSIH<\/strong><\/p>\n<ul>\n<li>Novices participent au tournoi final<\/li>\n<\/ul>\n<p><strong>2015-2016 FSHBR<\/strong><\/p>\n<ul>\n<li>Novices finalistes Championnat<\/li>\n<\/ul>\n<p><strong>2015 FSIH<\/strong><\/p>\n<ul>\n<li>2 \u00e9quipes actives et 1 \u00e9quipe novice engag\u00e9e en championnat<\/li>\n<\/ul>\n<p><strong>2014-2015 FSHBR<\/strong><\/p>\n<ul>\n<li>1\u00e8re \u00e9quipe finaliste de la coupe<\/li>\n<li>1\u00e8re \u00e9quipe champion FSHBR<\/li>\n<li>Novices finalistes Coupe + Championnat (?)<\/li>\n<\/ul>\n<p><strong>2014 FSIH<\/strong><\/p>\n<ul>\n<li>1\u00e8re \u00e9quipe 2\u00e8me du groupe A de 1\u00e8re ligue<\/li>\n<\/ul>\n<p><strong>2013-2014 FSHBR<\/strong><\/p>\n<ul>\n<li>Minis finalistes du championnat 2013\/14<\/li>\n<li>Novices vainqueurs de la coupe et du championnat 2013\/14<\/li>\n<li>2\u00e8me \u00e9quipe finalistes du championnat 2013\/14 de DIII &#8211; Promotion en 2\u00e8me division<\/li>\n<\/ul>\n<p><strong>2013 &#8211; FSIH<\/strong><\/p>\n<ul>\n<li>1\u00e8re \u00e9quipe co-championne Suisse de 2\u00e8me ligue &#8211; Promotion en 1\u00e8re ligue.<\/li>\n<\/ul>\n<p><strong>2012-2013<\/strong><\/p>\n<ul>\n<li>Novices: Finalistes Coupe + Championnat<\/li>\n<li>Minis: Finalistes Championnat<\/li>\n<\/ul>\n<p><strong>2011-2012<\/strong><\/p>\n<ul>\n<li>Minis: Rolling Coyotes vainqueurs championnant<\/li>\n<li>Novices: Finalistes Coupe + Championnat<\/li>\n<li>Juniors: Vainqueurs Coupe + Championnat<\/li>\n<\/ul>\n<p><strong>2010-2011<\/strong><\/p>\n<ul>\n<li>1<sup>\u00e8re<\/sup>\u00a0\u00e9quipe demie-finaliste de la coupe 2010\/11<\/li>\n<li>Novices finalistes de la coupe 2010\/11<\/li>\n<li>Juniors finalistes de la coupe 2010\/11<\/li>\n<li>Novices finalistes du championnat 2010\/11<\/li>\n<li>Minis champions 2010\/11<\/li>\n<li>Juniors champions 2010\/11<\/li>\n<\/ul>\n<p><strong>2009-2010<\/strong><\/p>\n<ul>\n<li>Juniors finalistes de la coupe 2009\/10<\/li>\n<li>Novices vainqueurs de la coupe 2009\/10<\/li>\n<li>Novices finalistes du championnat 2009\/10 \u00e0 L\u00e9chelles<\/li>\n<\/ul>\n<p><strong>2008-2009<\/strong><\/p>\n<ul>\n<li>\u00c9quipe sp\u00e9cial finaliste de la coupe Fribourgeoise 2008<\/li>\n<li>Juniors champions 2008\/09<\/li>\n<\/ul>\n<p><strong>\u00a02007-2008<\/strong><\/p>\n<ul>\n<li>2<sup>\u00e8me\u00a0<\/sup>\u00e9quipe finaliste DIII 2007\/08<\/li>\n<li>Junior finaliste du championnat 2007\/08<\/li>\n<li>Junior finaliste de la coupe 2007\/08<\/li>\n<\/ul>\n<p><strong>\u00a02004-2005<\/strong><\/p>\n<ul>\n<li>1<sup>\u00e8re<\/sup>\u00a0\u00e9quipe championne DII 2004\/05<\/li>\n<\/ul>\n<p><strong>\u00a02004-2004<\/strong><\/p>\n<ul>\n<li>1<sup>\u00e8re<\/sup> \u00e9quipe finaliste DII 2003\/04<\/li>\n<\/ul>\n","protected":false},"excerpt":{"rendered":"<p>2024-25 FSHBR 1\u00e8re \u00e9quipe championne de la Coupe 2023-24 FSHBR 1\u00e8re \u00e9quipe championne de la Coupe 2\u00e8me \u00e9quipe championne de D2 2016 FSIH Novices participent au tournoi final 2015-2016 FSHBR Novices finalistes Championnat 2015 FSIH 2 \u00e9quipes actives et 1 \u00e9quipe novice engag\u00e9e en championnat 2014-2015 FSHBR 1\u00e8re \u00e9quipe finaliste de la coupe 1\u00e8re \u00e9quipe &hellip; <\/p>\n<p class=\"link-more\"><a href=\"http:\/\/www.shclechelles.ch\/v3\/index.php\/sample-page\/le-club\/presentation-du-club\/palmares\/\" class=\"more-link\">Continuer la lecture<span class=\"screen-reader-text\"> de &laquo;&nbsp;Palmar\u00e8s&nbsp;&raquo;<\/span><\/a><\/p>\n","protected":false},"author":2,"featured_media":0,"parent":67,"menu_order":0,"comment_status":"closed","ping_status":"closed","template":"","meta":{"jetpack_post_was_ever_published":false,"footnotes":""},"class_list":["post-73","page","type-page","status-publish","hentry"],"yoast_head":"<!-- This site is optimized with the Yoast SEO plugin v26.1.1 - https:\/\/yoast.com\/wordpress\/plugins\/seo\/ -->\n<title>Palmar\u00e8s - SHC L\u00e9chelles Coyotes<\/title>\n<meta name=\"robots\" content=\"index, follow, max-snippet:-1, max-image-preview:large, max-video-preview:-1\" \/>\n<link rel=\"canonical\" href=\"http:\/\/www.shclechelles.ch\/v3\/index.php\/sample-page\/le-club\/presentation-du-club\/palmares\/\" \/>\n<meta property=\"og:locale\" content=\"fr_FR\" \/>\n<meta property=\"og:type\" content=\"article\" \/>\n<meta property=\"og:title\" content=\"Palmar\u00e8s - SHC L\u00e9chelles Coyotes\" \/>\n<meta property=\"og:description\" content=\"2024-25 FSHBR 1\u00e8re \u00e9quipe championne de la Coupe 2023-24 FSHBR 1\u00e8re \u00e9quipe championne de la Coupe 2\u00e8me \u00e9quipe championne de D2 2016 FSIH Novices participent au tournoi final 2015-2016 FSHBR Novices finalistes Championnat 2015 FSIH 2 \u00e9quipes actives et 1 \u00e9quipe novice engag\u00e9e en championnat 2014-2015 FSHBR 1\u00e8re \u00e9quipe finaliste de la coupe 1\u00e8re \u00e9quipe &hellip; Continuer la lecture de &laquo;&nbsp;Palmar\u00e8s&nbsp;&raquo;\" \/>\n<meta property=\"og:url\" content=\"http:\/\/www.shclechelles.ch\/v3\/index.php\/sample-page\/le-club\/presentation-du-club\/palmares\/\" \/>\n<meta property=\"og:site_name\" content=\"SHC L\u00e9chelles Coyotes\" \/>\n<meta property=\"article:modified_time\" content=\"2025-02-01T10:14:00+00:00\" \/>\n<meta name=\"twitter:card\" content=\"summary_large_image\" \/>\n<meta name=\"twitter:label1\" content=\"Dur\u00e9e de lecture estim\u00e9e\" \/>\n\t<meta name=\"twitter:data1\" content=\"2 minutes\" \/>\n<script type=\"application\/ld+json\" class=\"yoast-schema-graph\">{\"@context\":\"https:\/\/schema.org\",\"@graph\":[{\"@type\":\"WebPage\",\"@id\":\"http:\/\/www.shclechelles.ch\/v3\/index.php\/sample-page\/le-club\/presentation-du-club\/palmares\/\",\"url\":\"http:\/\/www.shclechelles.ch\/v3\/index.php\/sample-page\/le-club\/presentation-du-club\/palmares\/\",\"name\":\"Palmar\u00e8s - SHC L\u00e9chelles Coyotes\",\"isPartOf\":{\"@id\":\"https:\/\/www.shclechelles.ch\/v3\/#website\"},\"datePublished\":\"2016-10-06T15:34:53+00:00\",\"dateModified\":\"2025-02-01T10:14:00+00:00\",\"breadcrumb\":{\"@id\":\"http:\/\/www.shclechelles.ch\/v3\/index.php\/sample-page\/le-club\/presentation-du-club\/palmares\/#breadcrumb\"},\"inLanguage\":\"fr-FR\",\"potentialAction\":[{\"@type\":\"ReadAction\",\"target\":[\"http:\/\/www.shclechelles.ch\/v3\/index.php\/sample-page\/le-club\/presentation-du-club\/palmares\/\"]}]},{\"@type\":\"BreadcrumbList\",\"@id\":\"http:\/\/www.shclechelles.ch\/v3\/index.php\/sample-page\/le-club\/presentation-du-club\/palmares\/#breadcrumb\",\"itemListElement\":[{\"@type\":\"ListItem\",\"position\":1,\"name\":\"Home\",\"item\":\"http:\/\/www.shclechelles.ch\/v3\/\"},{\"@type\":\"ListItem\",\"position\":2,\"name\":\"News\",\"item\":\"http:\/\/www.shclechelles.ch\/v3\/\"},{\"@type\":\"ListItem\",\"position\":3,\"name\":\"Le Club\",\"item\":\"http:\/\/www.shclechelles.ch\/v3\/index.php\/sample-page\/le-club\/\"},{\"@type\":\"ListItem\",\"position\":4,\"name\":\"Pr\u00e9sentation du club\",\"item\":\"http:\/\/www.shclechelles.ch\/v3\/index.php\/sample-page\/le-club\/presentation-du-club\/\"},{\"@type\":\"ListItem\",\"position\":5,\"name\":\"Palmar\u00e8s\"}]},{\"@type\":\"WebSite\",\"@id\":\"https:\/\/www.shclechelles.ch\/v3\/#website\",\"url\":\"https:\/\/www.shclechelles.ch\/v3\/\",\"name\":\"SHC L\u00e9chelles Coyotes\",\"description\":\"SHC L\u00e9chelles Coyotes Inline Skater Hockey\",\"potentialAction\":[{\"@type\":\"SearchAction\",\"target\":{\"@type\":\"EntryPoint\",\"urlTemplate\":\"https:\/\/www.shclechelles.ch\/v3\/?s={search_term_string}\"},\"query-input\":{\"@type\":\"PropertyValueSpecification\",\"valueRequired\":true,\"valueName\":\"search_term_string\"}}],\"inLanguage\":\"fr-FR\"}]}<\/script>\n<!-- \/ Yoast SEO plugin. -->","yoast_head_json":{"title":"Palmar\u00e8s - SHC L\u00e9chelles Coyotes","robots":{"index":"index","follow":"follow","max-snippet":"max-snippet:-1","max-image-preview":"max-image-preview:large","max-video-preview":"max-video-preview:-1"},"canonical":"http:\/\/www.shclechelles.ch\/v3\/index.php\/sample-page\/le-club\/presentation-du-club\/palmares\/","og_locale":"fr_FR","og_type":"article","og_title":"Palmar\u00e8s - SHC L\u00e9chelles Coyotes","og_description":"2024-25 FSHBR 1\u00e8re \u00e9quipe championne de la Coupe 2023-24 FSHBR 1\u00e8re \u00e9quipe championne de la Coupe 2\u00e8me \u00e9quipe championne de D2 2016 FSIH Novices participent au tournoi final 2015-2016 FSHBR Novices finalistes Championnat 2015 FSIH 2 \u00e9quipes actives et 1 \u00e9quipe novice engag\u00e9e en championnat 2014-2015 FSHBR 1\u00e8re \u00e9quipe finaliste de la coupe 1\u00e8re \u00e9quipe &hellip; Continuer la lecture de &laquo;&nbsp;Palmar\u00e8s&nbsp;&raquo;","og_url":"http:\/\/www.shclechelles.ch\/v3\/index.php\/sample-page\/le-club\/presentation-du-club\/palmares\/","og_site_name":"SHC L\u00e9chelles Coyotes","article_modified_time":"2025-02-01T10:14:00+00:00","twitter_card":"summary_large_image","twitter_misc":{"Dur\u00e9e de lecture estim\u00e9e":"2 minutes"},"schema":{"@context":"https:\/\/schema.org","@graph":[{"@type":"WebPage","@id":"http:\/\/www.shclechelles.ch\/v3\/index.php\/sample-page\/le-club\/presentation-du-club\/palmares\/","url":"http:\/\/www.shclechelles.ch\/v3\/index.php\/sample-page\/le-club\/presentation-du-club\/palmares\/","name":"Palmar\u00e8s - SHC L\u00e9chelles Coyotes","isPartOf":{"@id":"https:\/\/www.shclechelles.ch\/v3\/#website"},"datePublished":"2016-10-06T15:34:53+00:00","dateModified":"2025-02-01T10:14:00+00:00","breadcrumb":{"@id":"http:\/\/www.shclechelles.ch\/v3\/index.php\/sample-page\/le-club\/presentation-du-club\/palmares\/#breadcrumb"},"inLanguage":"fr-FR","potentialAction":[{"@type":"ReadAction","target":["http:\/\/www.shclechelles.ch\/v3\/index.php\/sample-page\/le-club\/presentation-du-club\/palmares\/"]}]},{"@type":"BreadcrumbList","@id":"http:\/\/www.shclechelles.ch\/v3\/index.php\/sample-page\/le-club\/presentation-du-club\/palmares\/#breadcrumb","itemListElement":[{"@type":"ListItem","position":1,"name":"Home","item":"http:\/\/www.shclechelles.ch\/v3\/"},{"@type":"ListItem","position":2,"name":"News","item":"http:\/\/www.shclechelles.ch\/v3\/"},{"@type":"ListItem","position":3,"name":"Le Club","item":"http:\/\/www.shclechelles.ch\/v3\/index.php\/sample-page\/le-club\/"},{"@type":"ListItem","position":4,"name":"Pr\u00e9sentation du club","item":"http:\/\/www.shclechelles.ch\/v3\/index.php\/sample-page\/le-club\/presentation-du-club\/"},{"@type":"ListItem","position":5,"name":"Palmar\u00e8s"}]},{"@type":"WebSite","@id":"https:\/\/www.shclechelles.ch\/v3\/#website","url":"https:\/\/www.shclechelles.ch\/v3\/","name":"SHC L\u00e9chelles Coyotes","description":"SHC L\u00e9chelles Coyotes Inline Skater Hockey","potentialAction":[{"@type":"SearchAction","target":{"@type":"EntryPoint","urlTemplate":"https:\/\/www.shclechelles.ch\/v3\/?s={search_term_string}"},"query-input":{"@type":"PropertyValueSpecification","valueRequired":true,"valueName":"search_term_string"}}],"inLanguage":"fr-FR"}]}},"jetpack_sharing_enabled":true,"jetpack_shortlink":"https:\/\/wp.me\/P7Yxqr-1b","_links":{"self":[{"href":"http:\/\/www.shclechelles.ch\/v3\/index.php\/wp-json\/wp\/v2\/pages\/73","targetHints":{"allow":["GET"]}}],"collection":[{"href":"http:\/\/www.shclechelles.ch\/v3\/index.php\/wp-json\/wp\/v2\/pages"}],"about":[{"href":"http:\/\/www.shclechelles.ch\/v3\/index.php\/wp-json\/wp\/v2\/types\/page"}],"author":[{"embeddable":true,"href":"http:\/\/www.shclechelles.ch\/v3\/index.php\/wp-json\/wp\/v2\/users\/2"}],"replies":[{"embeddable":true,"href":"http:\/\/www.shclechelles.ch\/v3\/index.php\/wp-json\/wp\/v2\/comments?post=73"}],"version-history":[{"count":4,"href":"http:\/\/www.shclechelles.ch\/v3\/index.php\/wp-json\/wp\/v2\/pages\/73\/revisions"}],"predecessor-version":[{"id":1925,"href":"http:\/\/www.shclechelles.ch\/v3\/index.php\/wp-json\/wp\/v2\/pages\/73\/revisions\/1925"}],"up":[{"embeddable":true,"href":"http:\/\/www.shclechelles.ch\/v3\/index.php\/wp-json\/wp\/v2\/pages\/67"}],"wp:attachment":[{"href":"http:\/\/www.shclechelles.ch\/v3\/index.php\/wp-json\/wp\/v2\/media?parent=73"}],"curies":[{"name":"wp","href":"https:\/\/api.w.org\/{rel}","templated":true}]}}