{"id":71,"date":"2016-10-06T16:34:28","date_gmt":"2016-10-06T15:34:28","guid":{"rendered":"http:\/\/www.shclechelles.ch\/test-wordpress\/?page_id=71"},"modified":"2018-09-21T09:13:01","modified_gmt":"2018-09-21T08:13:01","slug":"historique","status":"publish","type":"page","link":"http:\/\/www.shclechelles.ch\/v3\/index.php\/sample-page\/le-club\/presentation-du-club\/historique\/","title":{"rendered":"Historique"},"content":{"rendered":"<div><strong>Les d\u00e9buts : 2001 &#8211; 2006<\/strong><\/div>\n<ul>\n<li>Le SHC L\u00e9chelles f\u00fbt fond\u00e9 officiellement le 29 mars 2001 par M.Florent Christan et M.Simon Barras.<\/li>\n<\/ul>\n<ul>\n<li>Pour notre 1\u00e8re ann\u00e9e, nous nous sommes entra\u00een\u00e9s \u00e0 Payerne sans faire de championnat.<\/li>\n<\/ul>\n<ul>\n<li>L\u2019ann\u00e9e suivante, nous avons fait notre entr\u00e9e dans le championnat FHSBR. Lors de cette 1\u00e8re saison 2001-2002, le club s&rsquo;est class\u00e9 dernier de la 2i\u00e8me division mais s&rsquo;est distingu\u00e9 en remportant le prix du fair-play.<\/li>\n<\/ul>\n<ul>\n<li>La saison 2002-2003 a \u00e9t\u00e9 marqu\u00e9 par le maintien du club en 2\u00e8me division et les play-off nous ont \u00e9chapp\u00e9 pour 1 malheureux petit point.<\/li>\n<\/ul>\n<ul>\n<li>La saison 2003-2004 le SHC L\u00e9chelles a cr\u00e9\u00e9 une 2\u00e8me \u00e9quipe qui a \u00e9volu\u00e9 dans la nouvelles DIII. Ce f\u00fbt aussi la premi\u00e8re saison pour notre \u00e9quipe mini. Quand \u00e0 la premi\u00e8re \u00e9quipe elle a \u00e9volu\u00e9 jusqu\u2019en final et c\u2019est inclin\u00e9e \u00e0 Payerne face aux Hurricanes de Montagny.<\/li>\n<\/ul>\n<ul>\n<li>Le budget pour la place de skater hockey est accept\u00e9 en d\u00e9cembre 2003 par les habitants de L\u00e9chelles. Nicolas Jemmely s\u2019investi dans l\u2019organisation du chantier.Les saisons 2003-2004 et 2004-2005 ont vu deux participations successives de la 1\u00e8re \u00e9quipe \u00e0 la finale de 2i\u00e8me division. Apr\u00e8s avoir \u00e9chou\u00e9 en 2003-2004, l&rsquo;\u00e9quipe a remport\u00e9 le titre l&rsquo;ann\u00e9e suivante, significatif d&rsquo;ascension en 1\u00e8re division !<\/li>\n<\/ul>\n<ul>\n<li>En 2004-2005 les effectifs \u00e9tant \u00e0 nouveau suffisant nous avons lanc\u00e9 une 3\u00e8me \u00e9quipe qui \u00e9volua en DIII. C\u2019est aussi le lancement de l\u2019\u00e9quipe novice les jeunes commen\u00e7aient a s\u2019int\u00e9resser a ce sport\u2026 Les minis se sont distingu\u00e9s en disputant les demi finales. Et surtout la premi\u00e8re remporta le titre de deuxi\u00e8me division montant ainsi dans la premi\u00e8re division<\/li>\n<\/ul>\n<ul>\n<li>Durant l\u2019entre saison 2005 les travaux pr\u00e9liminaires pour la place de skater hockey commen\u00e7aient. Ce projet pouvais enfin se concr\u00e9tiser.<\/li>\n<\/ul>\n<ul>\n<li>2005-2006 une ann\u00e9e sans vraiment d\u2019\u00e9v\u00e9nement si ce n\u2019est la place en demi final des minis que se sont heurt\u00e9s \u00e0 Murist.<\/li>\n<\/ul>\n<p>&nbsp;<\/p>\n<p><strong>2006 &#8211; 2007<\/strong><\/p>\n<ul>\n<li>2006-2007 c\u2019est d\u00e9roul\u00e9e sur notre nouveau terrain de skater hockey. Notre premi\u00e8re \u00e9quipe c\u2019est distingu\u00e9e en prenant une 4\u00e8me place dans le championnat et a \u00e9volu\u00e9 jusqu\u2019en demi final. Les minis se sont \u00e0 nouveau retrouv\u00e9s en demi finale.<\/li>\n<\/ul>\n<p>&nbsp;<\/p>\n<p><strong>2007 &#8211; 2008<\/strong><\/p>\n<ul>\n<li>La saison 2007-2008 a \u00e9t\u00e9 couronn\u00e9e par 3 participations d&rsquo;\u00e9quipes L\u00e9chelloises aux finales: la 2\u00e8me \u00e9quipe finaliste du championnat et les juniors finalistes du championnat et de la coupe, toutes contre Estavayer. Malheureusement, toutes ont \u00e9t\u00e9 perdues de peu.<\/li>\n<\/ul>\n<ul>\n<li>Heureusement pour la 2\u00e8me \u00e9quipe, Roller LS s&rsquo;est retir\u00e9 de DI et Morat, qui avait \u00e9t\u00e9 rel\u00e9gu\u00e9 en DII, a pu r\u00e9int\u00e9grer la DI. Du coup, la 2\u00e8me \u00e9quipe s&rsquo;est vue offerte la place vacante en DII.<\/li>\n<\/ul>\n<p><strong>2008 &#8211; 2009<\/strong><\/p>\n<ul>\n<li>Durant l&rsquo;automne 2008, une \u00e9quipe sp\u00e9cialement compos\u00e9e pour l&rsquo;occasion a connu un grand succ\u00e8s en coupe Fribourgeoise de l&rsquo;AFISH, puisqu&rsquo;elle a progress\u00e9 jusqu&rsquo;en finale, battant au passage Givisiez et Montagny. Cependant, la finale a \u00e9t\u00e9 perdue de justesse contre Estavayer (eh, oui, encore!) puisque le match s&rsquo;est fini aux penalties.<\/li>\n<\/ul>\n<ul>\n<li>La saison 2008-2009 a vu le couronnement des juniors qui ont gagn\u00e9 le championnat.<\/li>\n<\/ul>\n<ul>\n<li>En 2009, le club a d\u00e9cid\u00e9 de tenter sa chance dans le championnat Suisse, se d\u00e9roulant l&rsquo;\u00e9t\u00e9. Une \u00e9quipe form\u00e9e de volontaires a donc \u00e9t\u00e9 cr\u00e9\u00e9e et inscrite<\/li>\n<\/ul>\n<p>&nbsp;<\/p>\n<p><strong>2009 &#8211; 2010<\/strong><\/p>\n<ul>\n<li>Juniors finalistes de la coupe 2009\/10<\/li>\n<\/ul>\n<ul>\n<li>Novices vainqueurs de la coupe 2009\/10<\/li>\n<\/ul>\n<ul>\n<li>Novices finalistes du championnat 2009\/10 \u00e0 L\u00e9chelles<\/li>\n<\/ul>\n<p>&nbsp;<\/p>\n<p><strong>2010 &#8211; 2011<\/strong><\/p>\n<ul>\n<li>1<sup>\u00e8re<\/sup> \u00e9quipe demie-finaliste de la coupe 2010\/11<\/li>\n<\/ul>\n<ul>\n<li>Novices finalistes de la coupe 2010\/11<\/li>\n<\/ul>\n<ul>\n<li>Juniors finalistes de la coupe 2010\/11<\/li>\n<\/ul>\n<ul>\n<li>Novices finalistes du championnat 2010\/11<\/li>\n<\/ul>\n<ul>\n<li>Minis champions 2010\/11<\/li>\n<\/ul>\n<ul>\n<li>Juniors champions 2010\/11<\/li>\n<\/ul>\n<ul>\n<li>Une quatri\u00e8me \u00e9quipe d&rsquo;actif a \u00e9t\u00e9 inscrite dans le championnat Broyard, en 3\u00e8me division. Ce qui porte \u00e0 7 le nombre total d&rsquo;\u00e9quipe inscrite au championnat Broyard, faisant du SCH L\u00e9chelles Coyotes le plus grand club du championnat !!<\/li>\n<\/ul>\n<p>&nbsp;<\/p>\n<p><strong>2011 &#8211; 2012<\/strong><\/p>\n<ul>\n<li>Minis champions 2011\/12<\/li>\n<\/ul>\n<ul>\n<li>Novices finalistes de la coupe et du championnat 2011\/12<\/li>\n<\/ul>\n<ul>\n<li>Juniors vainqueurs de la coupe et du championnat 2011\/12<\/li>\n<\/ul>\n<p>&nbsp;<\/p>\n<p><strong>2012 &#8211; 13<\/strong><\/p>\n<ul>\n<li>Novices finalistes de la coupe et du championnat 2012\/13<\/li>\n<\/ul>\n<ul>\n<li>Minis finalistes du championnat 2012\/13<\/li>\n<\/ul>\n<ul>\n<li>Pour la saison d&rsquo;\u00e9t\u00e9 2013, le club a d\u00e9cid\u00e9 d&rsquo;inscrire une 2<sup>\u00e8me<\/sup> \u00e9quipe pour disputer le championnat Suisse en 2<sup>\u00e8me<\/sup> ligue.<\/li>\n<\/ul>\n<p>&nbsp;<\/p>\n<p><strong>2013 &#8211; FSIH<\/strong><\/p>\n<ul>\n<li>La saison FSIH 2013 a \u00e9t\u00e9 marqu\u00e9e par la magnifique saison du SHC L\u00e9chelles Coyotes.<\/li>\n<li>Une 2\u00e8me \u00e9quipe a \u00e9t\u00e9 cr\u00e9\u00e9e et\u00a0l&rsquo;ambition du club a \u00e9t\u00e9 largement revu \u00e0 la hausse avec l&rsquo;objectif de monter en premi\u00e8re ligue dans les deux ans.<\/li>\n<li>L&rsquo;objectif a \u00e9t\u00e9 atteint avec brio puisque la \u00ab\u00a0une\u00a0\u00bb a gagn\u00e9 tous les matchs de la saison et s&rsquo;est \u00e9galement impos\u00e9e lors\u00a0des deux tours de promotion: au 1er tour face \u00e0 Fontenais et au 2\u00e8me tour face \u00e0 Grenchen.<\/li>\n<\/ul>\n<p>&nbsp;<\/p>\n<p><strong>2013-2014 FSHBR<\/strong><\/p>\n<ul>\n<li>En championnat broyard, le club peut relever les bonnes performances des plus jeunes \u00e9quipes: les minis ont atteints la finale\u00a0du championnat alors que les novices ont fait le doubl\u00e9 championnat &#8211; coupe.<\/li>\n<li>La premi\u00e8re \u00e9quipe a fait une bonne saison r\u00e9guli\u00e8re\u00a0en terminant 3\u00e8me du championnat r\u00e9gulier. Malheureusement elle se fait \u00e9liminer en quarts de finales face \u00e0 Aumont.<\/li>\n<li>La II monte\u00a0en D2 gr\u00e2ce sa finale perdue contre le SHC Cheyres Okee II.<\/li>\n<li>Cette ann\u00e9e a \u00e9t\u00e9 marqu\u00e9e par l&rsquo;organisation, pour la 2\u00e8me fois apr\u00e8s 2010 des finales FSHBR du 14 au 16 mars 2014<\/li>\n<\/ul>\n<p>&nbsp;<\/p>\n<p><strong>2014 FSIH<\/strong><\/p>\n<ul>\n<li>Pour sa premi\u00e8re ann\u00e9e en premi\u00e8re ligue, la \u00ab\u00a0une\u00a0\u00bb d&rsquo;\u00e9t\u00e9 a effectu\u00e9 un excellent championnat en se classant 2\u00e8me du groupe A.\u00a0Malheureusement elle est \u00e9limin\u00e9e par la Neuveville en quarts de finales des playoffs.<\/li>\n<\/ul>\n<p>&nbsp;<\/p>\n<p><strong>2014-2015 FSHBR<\/strong><\/p>\n<ul>\n<li>La saison d&rsquo;hiver 2014-2015 a \u00e9t\u00e9 marqu\u00e9e par les tr\u00e8s bon r\u00e9sultats de la premi\u00e8re \u00e9quipe. Aid\u00e9e de deux renforts Jurassiens de luxe (Yann Frossard et Mathieu W\u00fcst), elle se qualifia pour les finales de coupe \u00e0 Avenches. Malheureusement, elle perdit cette finale face \u00e0 Aumont.<\/li>\n<li>Cependant, la cons\u00e9cration arriva quelques semaine plus tard avec le titre de champion Broyard, acquis \u00e0 Murist, face \u00e0 Avenches.<\/li>\n<\/ul>\n<p>&nbsp;<\/p>\n<p><strong>2015 FSIH<\/strong><\/p>\n<ul>\n<li>Pour sa deuxi\u00e8me ann\u00e9e en premi\u00e8re ligue, la \u00ab\u00a0une\u00a0\u00bb d&rsquo;\u00e9t\u00e9 a effectu\u00e9 un championnat plus d\u00e9cevant que l&rsquo;ann\u00e9e 2014 en se qualifiant pas pour les playoffs.<\/li>\n<\/ul>\n<p>&nbsp;<\/p>\n<p><strong>2015-2016 FSHBR<\/strong><\/p>\n<ul>\n<li>La saison d&rsquo;hiver 2015-2016 a \u00e9t\u00e9 un peu en dessous des ann\u00e9es pr\u00e9c\u00e9dentes avec seulement une finale de championnat (d\u00e9faite des Novices face au Rolling Ducks of War \u00e0 Estavayer)<\/li>\n<li>La premi\u00e8re \u00e9quipe \u00e9choue en finale de coupe \u00e0 domicile face \u00e0 Estavayer Seehawks.<\/li>\n<\/ul>\n<p>&nbsp;<\/p>\n<p><strong>2016 FSIH<\/strong><\/p>\n<ul>\n<li>Pour sa troisi\u00e8me ann\u00e9e en premi\u00e8re ligue, la \u00ab\u00a0une\u00a0\u00bb a vu les playoffs s&rsquo;\u00e9chapper pour 3 petits points.<\/li>\n<li>Pour la premi\u00e8re fois de son histoire, une \u00e9quipe du mouvement juniors se qualifie pour un tournoi finale. Il s&rsquo;agit des Novices (en partenariat avec le SHC Givisiez). Le tournoi finale a lieu \u00e0 Givisiez.<\/li>\n<\/ul>\n<p>&nbsp;<\/p>\n<p><strong>2016-2017 FSHBR<\/strong><\/p>\n<ul>\n<li>Pour la premi\u00e8re fois depuis de nombreuses ann\u00e9es, le SHC L\u00e9chelles n&rsquo;a eu aucune \u00e9quipe lors des finales de championnat FSHBR au Vully.<\/li>\n<li>La une a \u00e0 nouveau effectu\u00e9 un bon parcours en coupe avant de s&rsquo;incliner une nouvelle fois en finale, \u00e0 Payerne, face \u00e0 Avenches.<\/li>\n<\/ul>\n<p>&nbsp;<\/p>\n<p><strong>2017 FSIH<\/strong><\/p>\n<ul>\n<li>La saison 2017 a \u00e9t\u00e9 marqu\u00e9e par l&rsquo;ascension de la premi\u00e8re \u00e9quipe en ligue nationale B! Apr\u00e8s s&rsquo;\u00eatre d\u00e9fait d&rsquo;Oberbipp, puis d&rsquo;Oesingen, la 1 affrontait le SHC La Baroche II en finale de 1\u00e8re ligue. Les Coyotes se sont inclin\u00e9s en 3 matchs, malgr\u00e9 le soutien de nombreux supporters en d\u00e9placement dans le Jura. La premi\u00e8re \u00e9quipe a quand m\u00eame obtenu sa promotion \u00e9tant donn\u00e9 que la Baroche disposait d\u00e9j\u00e0 d&rsquo;une \u00e9quipe en LNB<\/li>\n<\/ul>\n<p>&nbsp;<\/p>\n<p><strong>2017-2018 FSHBR<\/strong><\/p>\n<ul>\n<li>Les finales de championnat FSHBR se sont d\u00e9roul\u00e9es \u00e0 Torny. Le SHC L\u00e9chelles \u00e9tait repr\u00e9sent\u00e9 uniquement par ses juniors. Malgr\u00e9 une performance de tr\u00e8s bonne qualit\u00e9, nos juniors se sont inclin\u00e9s en prolongation. <\/li>\n<li>La saison 2017-2018 a \u00e9t\u00e9 marqu\u00e9e par les gros travaux de construction du toit. Le SHC L\u00e9chelles a jou\u00e9 tous ses match \u00e0 l&rsquo;ext\u00e9rieur jusqu&rsquo;\u00e0 la date du 1er d\u00e9cembre, avant d\u2019encha\u00eener les matchs \u00e0 domicile sous un tout nouveau toit, mais sur un bitume toujours ancien. <\/li>\n<\/ul>\n<p>&nbsp;<\/p>\n","protected":false},"excerpt":{"rendered":"<p>Les d\u00e9buts : 2001 &#8211; 2006 Le SHC L\u00e9chelles f\u00fbt fond\u00e9 officiellement le 29 mars 2001 par M.Florent Christan et M.Simon Barras. Pour notre 1\u00e8re ann\u00e9e, nous nous sommes entra\u00een\u00e9s \u00e0 Payerne sans faire de championnat. L\u2019ann\u00e9e suivante, nous avons fait notre entr\u00e9e dans le championnat FHSBR. Lors de cette 1\u00e8re saison 2001-2002, le club &hellip; <\/p>\n<p class=\"link-more\"><a href=\"http:\/\/www.shclechelles.ch\/v3\/index.php\/sample-page\/le-club\/presentation-du-club\/historique\/\" class=\"more-link\">Continuer la lecture<span class=\"screen-reader-text\"> de &laquo;&nbsp;Historique&nbsp;&raquo;<\/span><\/a><\/p>\n","protected":false},"author":2,"featured_media":0,"parent":67,"menu_order":0,"comment_status":"closed","ping_status":"closed","template":"","meta":{"jetpack_post_was_ever_published":false,"footnotes":""},"class_list":["post-71","page","type-page","status-publish","hentry"],"yoast_head":"<!-- This site is optimized with the Yoast SEO plugin v26.1.1 - https:\/\/yoast.com\/wordpress\/plugins\/seo\/ -->\n<title>Historique - SHC L\u00e9chelles Coyotes<\/title>\n<meta name=\"robots\" content=\"index, follow, max-snippet:-1, max-image-preview:large, max-video-preview:-1\" \/>\n<link rel=\"canonical\" href=\"http:\/\/www.shclechelles.ch\/v3\/index.php\/sample-page\/le-club\/presentation-du-club\/historique\/\" \/>\n<meta property=\"og:locale\" content=\"fr_FR\" \/>\n<meta property=\"og:type\" content=\"article\" \/>\n<meta property=\"og:title\" content=\"Historique - SHC L\u00e9chelles Coyotes\" \/>\n<meta property=\"og:description\" content=\"Les d\u00e9buts : 2001 &#8211; 2006 Le SHC L\u00e9chelles f\u00fbt fond\u00e9 officiellement le 29 mars 2001 par M.Florent Christan et M.Simon Barras. Pour notre 1\u00e8re ann\u00e9e, nous nous sommes entra\u00een\u00e9s \u00e0 Payerne sans faire de championnat. L\u2019ann\u00e9e suivante, nous avons fait notre entr\u00e9e dans le championnat FHSBR. Lors de cette 1\u00e8re saison 2001-2002, le club &hellip; Continuer la lecture de &laquo;&nbsp;Historique&nbsp;&raquo;\" \/>\n<meta property=\"og:url\" content=\"http:\/\/www.shclechelles.ch\/v3\/index.php\/sample-page\/le-club\/presentation-du-club\/historique\/\" \/>\n<meta property=\"og:site_name\" content=\"SHC L\u00e9chelles Coyotes\" \/>\n<meta property=\"article:modified_time\" content=\"2018-09-21T08:13:01+00:00\" \/>\n<meta name=\"twitter:card\" content=\"summary_large_image\" \/>\n<meta name=\"twitter:label1\" content=\"Dur\u00e9e de lecture estim\u00e9e\" \/>\n\t<meta name=\"twitter:data1\" content=\"7 minutes\" \/>\n<script type=\"application\/ld+json\" class=\"yoast-schema-graph\">{\"@context\":\"https:\/\/schema.org\",\"@graph\":[{\"@type\":\"WebPage\",\"@id\":\"http:\/\/www.shclechelles.ch\/v3\/index.php\/sample-page\/le-club\/presentation-du-club\/historique\/\",\"url\":\"http:\/\/www.shclechelles.ch\/v3\/index.php\/sample-page\/le-club\/presentation-du-club\/historique\/\",\"name\":\"Historique - SHC L\u00e9chelles Coyotes\",\"isPartOf\":{\"@id\":\"https:\/\/www.shclechelles.ch\/v3\/#website\"},\"datePublished\":\"2016-10-06T15:34:28+00:00\",\"dateModified\":\"2018-09-21T08:13:01+00:00\",\"breadcrumb\":{\"@id\":\"http:\/\/www.shclechelles.ch\/v3\/index.php\/sample-page\/le-club\/presentation-du-club\/historique\/#breadcrumb\"},\"inLanguage\":\"fr-FR\",\"potentialAction\":[{\"@type\":\"ReadAction\",\"target\":[\"http:\/\/www.shclechelles.ch\/v3\/index.php\/sample-page\/le-club\/presentation-du-club\/historique\/\"]}]},{\"@type\":\"BreadcrumbList\",\"@id\":\"http:\/\/www.shclechelles.ch\/v3\/index.php\/sample-page\/le-club\/presentation-du-club\/historique\/#breadcrumb\",\"itemListElement\":[{\"@type\":\"ListItem\",\"position\":1,\"name\":\"Home\",\"item\":\"http:\/\/www.shclechelles.ch\/v3\/\"},{\"@type\":\"ListItem\",\"position\":2,\"name\":\"News\",\"item\":\"http:\/\/www.shclechelles.ch\/v3\/\"},{\"@type\":\"ListItem\",\"position\":3,\"name\":\"Le Club\",\"item\":\"http:\/\/www.shclechelles.ch\/v3\/index.php\/sample-page\/le-club\/\"},{\"@type\":\"ListItem\",\"position\":4,\"name\":\"Pr\u00e9sentation du club\",\"item\":\"http:\/\/www.shclechelles.ch\/v3\/index.php\/sample-page\/le-club\/presentation-du-club\/\"},{\"@type\":\"ListItem\",\"position\":5,\"name\":\"Historique\"}]},{\"@type\":\"WebSite\",\"@id\":\"https:\/\/www.shclechelles.ch\/v3\/#website\",\"url\":\"https:\/\/www.shclechelles.ch\/v3\/\",\"name\":\"SHC L\u00e9chelles Coyotes\",\"description\":\"SHC L\u00e9chelles Coyotes Inline Skater Hockey\",\"potentialAction\":[{\"@type\":\"SearchAction\",\"target\":{\"@type\":\"EntryPoint\",\"urlTemplate\":\"https:\/\/www.shclechelles.ch\/v3\/?s={search_term_string}\"},\"query-input\":{\"@type\":\"PropertyValueSpecification\",\"valueRequired\":true,\"valueName\":\"search_term_string\"}}],\"inLanguage\":\"fr-FR\"}]}<\/script>\n<!-- \/ Yoast SEO plugin. -->","yoast_head_json":{"title":"Historique - SHC L\u00e9chelles Coyotes","robots":{"index":"index","follow":"follow","max-snippet":"max-snippet:-1","max-image-preview":"max-image-preview:large","max-video-preview":"max-video-preview:-1"},"canonical":"http:\/\/www.shclechelles.ch\/v3\/index.php\/sample-page\/le-club\/presentation-du-club\/historique\/","og_locale":"fr_FR","og_type":"article","og_title":"Historique - SHC L\u00e9chelles Coyotes","og_description":"Les d\u00e9buts : 2001 &#8211; 2006 Le SHC L\u00e9chelles f\u00fbt fond\u00e9 officiellement le 29 mars 2001 par M.Florent Christan et M.Simon Barras. Pour notre 1\u00e8re ann\u00e9e, nous nous sommes entra\u00een\u00e9s \u00e0 Payerne sans faire de championnat. L\u2019ann\u00e9e suivante, nous avons fait notre entr\u00e9e dans le championnat FHSBR. Lors de cette 1\u00e8re saison 2001-2002, le club &hellip; Continuer la lecture de &laquo;&nbsp;Historique&nbsp;&raquo;","og_url":"http:\/\/www.shclechelles.ch\/v3\/index.php\/sample-page\/le-club\/presentation-du-club\/historique\/","og_site_name":"SHC L\u00e9chelles Coyotes","article_modified_time":"2018-09-21T08:13:01+00:00","twitter_card":"summary_large_image","twitter_misc":{"Dur\u00e9e de lecture estim\u00e9e":"7 minutes"},"schema":{"@context":"https:\/\/schema.org","@graph":[{"@type":"WebPage","@id":"http:\/\/www.shclechelles.ch\/v3\/index.php\/sample-page\/le-club\/presentation-du-club\/historique\/","url":"http:\/\/www.shclechelles.ch\/v3\/index.php\/sample-page\/le-club\/presentation-du-club\/historique\/","name":"Historique - SHC L\u00e9chelles Coyotes","isPartOf":{"@id":"https:\/\/www.shclechelles.ch\/v3\/#website"},"datePublished":"2016-10-06T15:34:28+00:00","dateModified":"2018-09-21T08:13:01+00:00","breadcrumb":{"@id":"http:\/\/www.shclechelles.ch\/v3\/index.php\/sample-page\/le-club\/presentation-du-club\/historique\/#breadcrumb"},"inLanguage":"fr-FR","potentialAction":[{"@type":"ReadAction","target":["http:\/\/www.shclechelles.ch\/v3\/index.php\/sample-page\/le-club\/presentation-du-club\/historique\/"]}]},{"@type":"BreadcrumbList","@id":"http:\/\/www.shclechelles.ch\/v3\/index.php\/sample-page\/le-club\/presentation-du-club\/historique\/#breadcrumb","itemListElement":[{"@type":"ListItem","position":1,"name":"Home","item":"http:\/\/www.shclechelles.ch\/v3\/"},{"@type":"ListItem","position":2,"name":"News","item":"http:\/\/www.shclechelles.ch\/v3\/"},{"@type":"ListItem","position":3,"name":"Le Club","item":"http:\/\/www.shclechelles.ch\/v3\/index.php\/sample-page\/le-club\/"},{"@type":"ListItem","position":4,"name":"Pr\u00e9sentation du club","item":"http:\/\/www.shclechelles.ch\/v3\/index.php\/sample-page\/le-club\/presentation-du-club\/"},{"@type":"ListItem","position":5,"name":"Historique"}]},{"@type":"WebSite","@id":"https:\/\/www.shclechelles.ch\/v3\/#website","url":"https:\/\/www.shclechelles.ch\/v3\/","name":"SHC L\u00e9chelles Coyotes","description":"SHC L\u00e9chelles Coyotes Inline Skater Hockey","potentialAction":[{"@type":"SearchAction","target":{"@type":"EntryPoint","urlTemplate":"https:\/\/www.shclechelles.ch\/v3\/?s={search_term_string}"},"query-input":{"@type":"PropertyValueSpecification","valueRequired":true,"valueName":"search_term_string"}}],"inLanguage":"fr-FR"}]}},"jetpack_sharing_enabled":true,"jetpack_shortlink":"https:\/\/wp.me\/P7Yxqr-19","_links":{"self":[{"href":"http:\/\/www.shclechelles.ch\/v3\/index.php\/wp-json\/wp\/v2\/pages\/71","targetHints":{"allow":["GET"]}}],"collection":[{"href":"http:\/\/www.shclechelles.ch\/v3\/index.php\/wp-json\/wp\/v2\/pages"}],"about":[{"href":"http:\/\/www.shclechelles.ch\/v3\/index.php\/wp-json\/wp\/v2\/types\/page"}],"author":[{"embeddable":true,"href":"http:\/\/www.shclechelles.ch\/v3\/index.php\/wp-json\/wp\/v2\/users\/2"}],"replies":[{"embeddable":true,"href":"http:\/\/www.shclechelles.ch\/v3\/index.php\/wp-json\/wp\/v2\/comments?post=71"}],"version-history":[{"count":7,"href":"http:\/\/www.shclechelles.ch\/v3\/index.php\/wp-json\/wp\/v2\/pages\/71\/revisions"}],"predecessor-version":[{"id":955,"href":"http:\/\/www.shclechelles.ch\/v3\/index.php\/wp-json\/wp\/v2\/pages\/71\/revisions\/955"}],"up":[{"embeddable":true,"href":"http:\/\/www.shclechelles.ch\/v3\/index.php\/wp-json\/wp\/v2\/pages\/67"}],"wp:attachment":[{"href":"http:\/\/www.shclechelles.ch\/v3\/index.php\/wp-json\/wp\/v2\/media?parent=71"}],"curies":[{"name":"wp","href":"https:\/\/api.w.org\/{rel}","templated":true}]}}